{"id":1014,"date":"2020-03-31T12:46:15","date_gmt":"2020-03-31T12:46:15","guid":{"rendered":"http:\/\/brittalange.de\/?page_id=1014"},"modified":"2020-03-31T13:13:12","modified_gmt":"2020-03-31T13:13:12","slug":"karten","status":"publish","type":"page","link":"https:\/\/brittalange.de\/?page_id=1014","title":{"rendered":"Karten"},"content":{"rendered":"\t\t<div data-elementor-type=\"wp-page\" data-elementor-id=\"1014\" class=\"elementor elementor-1014\">\n\t\t\t\t\t\t<section class=\"elementor-section elementor-top-section elementor-element elementor-element-6ed30d1 elementor-section-full_width elementor-section-height-default elementor-section-height-default\" data-id=\"6ed30d1\" data-element_type=\"section\">\n\t\t\t\t\t\t<div class=\"elementor-container elementor-column-gap-default\">\n\t\t\t\t\t<div class=\"elementor-column elementor-col-100 elementor-top-column elementor-element elementor-element-350bf22\" data-id=\"350bf22\" data-element_type=\"column\">\n\t\t\t<div class=\"elementor-widget-wrap elementor-element-populated\">\n\t\t\t\t\t\t<div class=\"elementor-element elementor-element-d2c19c7 elementor-widget elementor-widget-text-editor\" data-id=\"d2c19c7\" data-element_type=\"widget\" data-widget_type=\"text-editor.default\">\n\t\t\t\t<div class=\"elementor-widget-container\">\n\t\t\t\t\t\t\t\t\t<p>Handgedruckte Kunstkarten, jede ein Unikat, in der Technik des Hochdrucks. Sie sind auf hochwertiges naturwei\u00dfes Papier mit B\u00fcttenrand gedruckt und als Karte oder Klappkarte mit &nbsp;passendem Umschlag erh\u00e4ltlich. Preis: 5,50 bis 7,50 \u20ac.<\/p>\t\t\t\t\t\t\t\t<\/div>\n\t\t\t\t<\/div>\n\t\t\t\t\t<\/div>\n\t\t<\/div>\n\t\t\t\t\t<\/div>\n\t\t<\/section>\n\t\t\t\t<section class=\"elementor-section elementor-top-section elementor-element elementor-element-2ef981c2 elementor-section-boxed elementor-section-height-default elementor-section-height-default\" data-id=\"2ef981c2\" data-element_type=\"section\">\n\t\t\t\t\t\t<div class=\"elementor-container elementor-column-gap-default\">\n\t\t\t\t\t<div class=\"elementor-column elementor-col-100 elementor-top-column elementor-element elementor-element-1a5ae2aa\" data-id=\"1a5ae2aa\" data-element_type=\"column\">\n\t\t\t<div class=\"elementor-widget-wrap elementor-element-populated\">\n\t\t\t\t\t\t<div class=\"elementor-element elementor-element-3f4fe34e elementor-arrows-position-inside elementor-pagination-position-outside elementor-widget elementor-widget-image-carousel\" data-id=\"3f4fe34e\" data-element_type=\"widget\" data-settings=\"{&quot;navigation&quot;:&quot;both&quot;,&quot;autoplay&quot;:&quot;yes&quot;,&quot;pause_on_hover&quot;:&quot;yes&quot;,&quot;pause_on_interaction&quot;:&quot;yes&quot;,&quot;autoplay_speed&quot;:5000,&quot;infinite&quot;:&quot;yes&quot;,&quot;speed&quot;:500}\" data-widget_type=\"image-carousel.default\">\n\t\t\t\t<div class=\"elementor-widget-container\">\n\t\t\t\t\t\t\t<div class=\"elementor-image-carousel-wrapper swiper\" role=\"region\" aria-roledescription=\"carousel\" aria-label=\"Bild Karussell\" dir=\"ltr\">\n\t\t\t<div class=\"elementor-image-carousel swiper-wrapper\" aria-live=\"off\">\n\t\t\t\t\t\t\t\t<div class=\"swiper-slide\" role=\"group\" aria-roledescription=\"slide\" aria-label=\"1 von 5\"><a data-elementor-open-lightbox=\"yes\" data-elementor-lightbox-slideshow=\"3f4fe34e\" data-elementor-lightbox-title=\"Zwei Herzen Karte\" data-e-action-hash=\"#elementor-action%3Aaction%3Dlightbox%26settings%3DeyJpZCI6OTg4LCJ1cmwiOiJodHRwczpcL1wvYnJpdHRhbGFuZ2UuZGVcL3dwLWNvbnRlbnRcL3VwbG9hZHNcLzIwMjBcLzAzXC9ad2VpSGVyemVuX0tLLmpwZyIsInNsaWRlc2hvdyI6IjNmNGZlMzRlIn0%3D\" href=\"https:\/\/brittalange.de\/wp-content\/uploads\/2020\/03\/ZweiHerzen_KK.jpg\"><figure class=\"swiper-slide-inner\"><img decoding=\"async\" class=\"swiper-slide-image\" src=\"https:\/\/brittalange.de\/wp-content\/uploads\/2020\/03\/ZweiHerzen_KK-768x531.jpg\" alt=\"Zwei Herzen Karte\" \/><figcaption class=\"elementor-image-carousel-caption\">Zwei Herzen Karte<\/figcaption><\/figure><\/a><\/div><div class=\"swiper-slide\" role=\"group\" aria-roledescription=\"slide\" aria-label=\"2 von 5\"><a data-elementor-open-lightbox=\"yes\" data-elementor-lightbox-slideshow=\"3f4fe34e\" data-elementor-lightbox-title=\"Wal Karte\" data-e-action-hash=\"#elementor-action%3Aaction%3Dlightbox%26settings%3DeyJpZCI6OTg5LCJ1cmwiOiJodHRwczpcL1wvYnJpdHRhbGFuZ2UuZGVcL3dwLWNvbnRlbnRcL3VwbG9hZHNcLzIwMjBcLzAzXC9XYWxfS1BLLmpwZyIsInNsaWRlc2hvdyI6IjNmNGZlMzRlIn0%3D\" href=\"https:\/\/brittalange.de\/wp-content\/uploads\/2020\/03\/Wal_KPK.jpg\"><figure class=\"swiper-slide-inner\"><img decoding=\"async\" class=\"swiper-slide-image\" src=\"https:\/\/brittalange.de\/wp-content\/uploads\/2020\/03\/Wal_KPK-768x561.jpg\" alt=\"Wal Karte\" \/><figcaption class=\"elementor-image-carousel-caption\">Wal Karte<\/figcaption><\/figure><\/a><\/div><div class=\"swiper-slide\" role=\"group\" aria-roledescription=\"slide\" aria-label=\"3 von 5\"><a data-elementor-open-lightbox=\"yes\" data-elementor-lightbox-slideshow=\"3f4fe34e\" data-elementor-lightbox-title=\"Froschk\u00f6nig Karte\" data-e-action-hash=\"#elementor-action%3Aaction%3Dlightbox%26settings%3DeyJpZCI6OTkzLCJ1cmwiOiJodHRwczpcL1wvYnJpdHRhbGFuZ2UuZGVcL3dwLWNvbnRlbnRcL3VwbG9hZHNcLzIwMjBcLzAzXC9Gcm9zY2hrXHUwMGY2bmlnX0tQSy5qcGciLCJzbGlkZXNob3ciOiIzZjRmZTM0ZSJ9\" href=\"https:\/\/brittalange.de\/wp-content\/uploads\/2020\/03\/Froschk\u00f6nig_KPK.jpg\"><figure class=\"swiper-slide-inner\"><img decoding=\"async\" class=\"swiper-slide-image\" src=\"https:\/\/brittalange.de\/wp-content\/uploads\/2020\/03\/Froschk\u00f6nig_KPK-768x576.jpg\" alt=\"Froschk\u00f6nig Karte\" \/><figcaption class=\"elementor-image-carousel-caption\">Froschk\u00f6nig Karte<\/figcaption><\/figure><\/a><\/div><div class=\"swiper-slide\" role=\"group\" aria-roledescription=\"slide\" aria-label=\"4 von 5\"><a data-elementor-open-lightbox=\"yes\" data-elementor-lightbox-slideshow=\"3f4fe34e\" data-elementor-lightbox-title=\"Dackel Karte\" data-e-action-hash=\"#elementor-action%3Aaction%3Dlightbox%26settings%3DeyJpZCI6OTk0LCJ1cmwiOiJodHRwczpcL1wvYnJpdHRhbGFuZ2UuZGVcL3dwLWNvbnRlbnRcL3VwbG9hZHNcLzIwMjBcLzAzXC9EYWNrZWxfS1BLLmpwZyIsInNsaWRlc2hvdyI6IjNmNGZlMzRlIn0%3D\" href=\"https:\/\/brittalange.de\/wp-content\/uploads\/2020\/03\/Dackel_KPK.jpg\"><figure class=\"swiper-slide-inner\"><img decoding=\"async\" class=\"swiper-slide-image\" src=\"https:\/\/brittalange.de\/wp-content\/uploads\/2020\/03\/Dackel_KPK-768x517.jpg\" alt=\"Dackel Karte\" \/><figcaption class=\"elementor-image-carousel-caption\">Dackel Karte<\/figcaption><\/figure><\/a><\/div><div class=\"swiper-slide\" role=\"group\" aria-roledescription=\"slide\" aria-label=\"5 von 5\"><a data-elementor-open-lightbox=\"yes\" data-elementor-lightbox-slideshow=\"3f4fe34e\" data-elementor-lightbox-title=\"Anker Karte\" data-e-action-hash=\"#elementor-action%3Aaction%3Dlightbox%26settings%3DeyJpZCI6OTk1LCJ1cmwiOiJodHRwczpcL1wvYnJpdHRhbGFuZ2UuZGVcL3dwLWNvbnRlbnRcL3VwbG9hZHNcLzIwMjBcLzAzXC9Bbmtlcl9xdWVyX0tQSy5qcGciLCJzbGlkZXNob3ciOiIzZjRmZTM0ZSJ9\" href=\"https:\/\/brittalange.de\/wp-content\/uploads\/2020\/03\/Anker_quer_KPK.jpg\"><figure class=\"swiper-slide-inner\"><img decoding=\"async\" class=\"swiper-slide-image\" src=\"https:\/\/brittalange.de\/wp-content\/uploads\/2020\/03\/Anker_quer_KPK-768x521.jpg\" alt=\"Anker Karte\" \/><figcaption class=\"elementor-image-carousel-caption\">Anker Karte<\/figcaption><\/figure><\/a><\/div>\t\t\t<\/div>\n\t\t\t\t\t\t\t\t\t\t\t\t<div class=\"elementor-swiper-button elementor-swiper-button-prev\" role=\"button\" tabindex=\"0\">\n\t\t\t\t\t\t<i aria-hidden=\"true\" class=\"eicon-chevron-left\"><\/i>\t\t\t\t\t<\/div>\n\t\t\t\t\t<div class=\"elementor-swiper-button elementor-swiper-button-next\" role=\"button\" tabindex=\"0\">\n\t\t\t\t\t\t<i aria-hidden=\"true\" class=\"eicon-chevron-right\"><\/i>\t\t\t\t\t<\/div>\n\t\t\t\t\n\t\t\t\t\t\t\t\t\t<div class=\"swiper-pagination\"><\/div>\n\t\t\t\t\t\t\t\t\t<\/div>\n\t\t\t\t\t\t<\/div>\n\t\t\t\t<\/div>\n\t\t\t\t\t<\/div>\n\t\t<\/div>\n\t\t\t\t\t<\/div>\n\t\t<\/section>\n\t\t\t\t<section class=\"elementor-section elementor-top-section elementor-element elementor-element-68cd6eb6 elementor-section-boxed elementor-section-height-default elementor-section-height-default\" data-id=\"68cd6eb6\" data-element_type=\"section\">\n\t\t\t\t\t\t<div class=\"elementor-container elementor-column-gap-default\">\n\t\t\t\t\t<div class=\"elementor-column elementor-col-100 elementor-top-column elementor-element elementor-element-272d4e91\" data-id=\"272d4e91\" data-element_type=\"column\">\n\t\t\t<div class=\"elementor-widget-wrap elementor-element-populated\">\n\t\t\t\t\t\t<div class=\"elementor-element elementor-element-4cce733c elementor-arrows-position-inside elementor-pagination-position-outside elementor-widget elementor-widget-image-carousel\" data-id=\"4cce733c\" data-element_type=\"widget\" data-settings=\"{&quot;navigation&quot;:&quot;both&quot;,&quot;autoplay&quot;:&quot;yes&quot;,&quot;pause_on_hover&quot;:&quot;yes&quot;,&quot;pause_on_interaction&quot;:&quot;yes&quot;,&quot;autoplay_speed&quot;:5000,&quot;infinite&quot;:&quot;yes&quot;,&quot;speed&quot;:500}\" data-widget_type=\"image-carousel.default\">\n\t\t\t\t<div class=\"elementor-widget-container\">\n\t\t\t\t\t\t\t<div class=\"elementor-image-carousel-wrapper swiper\" role=\"region\" aria-roledescription=\"carousel\" aria-label=\"Bild Karussell\" dir=\"ltr\">\n\t\t\t<div class=\"elementor-image-carousel swiper-wrapper\" aria-live=\"off\">\n\t\t\t\t\t\t\t\t<div class=\"swiper-slide\" role=\"group\" aria-roledescription=\"slide\" aria-label=\"1 von 7\"><a data-elementor-open-lightbox=\"yes\" data-elementor-lightbox-slideshow=\"4cce733c\" data-elementor-lightbox-title=\"Anker Karte hoch\" data-e-action-hash=\"#elementor-action%3Aaction%3Dlightbox%26settings%3DeyJpZCI6OTk2LCJ1cmwiOiJodHRwczpcL1wvYnJpdHRhbGFuZ2UuZGVcL3dwLWNvbnRlbnRcL3VwbG9hZHNcLzIwMjBcLzAzXC9Bbmtlcl9LUEsuanBnIiwic2xpZGVzaG93IjoiNGNjZTczM2MifQ%3D%3D\" href=\"https:\/\/brittalange.de\/wp-content\/uploads\/2020\/03\/Anker_KPK.jpg\"><figure class=\"swiper-slide-inner\"><img decoding=\"async\" class=\"swiper-slide-image\" src=\"https:\/\/brittalange.de\/wp-content\/uploads\/2020\/03\/Anker_KPK-213x300.jpg\" alt=\"Anker Karte hoch\" \/><figcaption class=\"elementor-image-carousel-caption\">Anker Karte hoch<\/figcaption><\/figure><\/a><\/div><div class=\"swiper-slide\" role=\"group\" aria-roledescription=\"slide\" aria-label=\"2 von 7\"><a data-elementor-open-lightbox=\"yes\" data-elementor-lightbox-slideshow=\"4cce733c\" data-elementor-lightbox-title=\"Elphi Karte\" data-e-action-hash=\"#elementor-action%3Aaction%3Dlightbox%26settings%3DeyJpZCI6OTkyLCJ1cmwiOiJodHRwczpcL1wvYnJpdHRhbGFuZ2UuZGVcL3dwLWNvbnRlbnRcL3VwbG9hZHNcLzIwMjBcLzAzXC9LdW5zdHBvc3RrYXJ0ZTRfRWxwaGkuanBnIiwic2xpZGVzaG93IjoiNGNjZTczM2MifQ%3D%3D\" href=\"https:\/\/brittalange.de\/wp-content\/uploads\/2020\/03\/Kunstpostkarte4_Elphi.jpg\"><figure class=\"swiper-slide-inner\"><img decoding=\"async\" class=\"swiper-slide-image\" src=\"https:\/\/brittalange.de\/wp-content\/uploads\/2020\/03\/Kunstpostkarte4_Elphi-210x300.jpg\" alt=\"Elphi Karte\" \/><figcaption class=\"elementor-image-carousel-caption\">Elphi Karte<\/figcaption><\/figure><\/a><\/div><div class=\"swiper-slide\" role=\"group\" aria-roledescription=\"slide\" aria-label=\"3 von 7\"><a data-elementor-open-lightbox=\"yes\" data-elementor-lightbox-slideshow=\"4cce733c\" data-elementor-lightbox-title=\"Tulpe Karte\" data-e-action-hash=\"#elementor-action%3Aaction%3Dlightbox%26settings%3DeyJpZCI6OTkwLCJ1cmwiOiJodHRwczpcL1wvYnJpdHRhbGFuZ2UuZGVcL3dwLWNvbnRlbnRcL3VwbG9hZHNcLzIwMjBcLzAzXC9UdWxwZV9LUEsuanBnIiwic2xpZGVzaG93IjoiNGNjZTczM2MifQ%3D%3D\" href=\"https:\/\/brittalange.de\/wp-content\/uploads\/2020\/03\/Tulpe_KPK.jpg\"><figure class=\"swiper-slide-inner\"><img decoding=\"async\" class=\"swiper-slide-image\" src=\"https:\/\/brittalange.de\/wp-content\/uploads\/2020\/03\/Tulpe_KPK-206x300.jpg\" alt=\"Tulpe Karte\" \/><figcaption class=\"elementor-image-carousel-caption\">Tulpe Karte<\/figcaption><\/figure><\/a><\/div><div class=\"swiper-slide\" role=\"group\" aria-roledescription=\"slide\" aria-label=\"4 von 7\"><a data-elementor-open-lightbox=\"yes\" data-elementor-lightbox-slideshow=\"4cce733c\" data-elementor-lightbox-title=\"Engel Karte\" data-e-action-hash=\"#elementor-action%3Aaction%3Dlightbox%26settings%3DeyJpZCI6OTk5LCJ1cmwiOiJodHRwczpcL1wvYnJpdHRhbGFuZ2UuZGVcL3dwLWNvbnRlbnRcL3VwbG9hZHNcLzIwMjBcLzAzXC9FbmdlbF8yX0tQSy5qcGciLCJzbGlkZXNob3ciOiI0Y2NlNzMzYyJ9\" href=\"https:\/\/brittalange.de\/wp-content\/uploads\/2020\/03\/Engel_2_KPK.jpg\"><figure class=\"swiper-slide-inner\"><img decoding=\"async\" class=\"swiper-slide-image\" src=\"https:\/\/brittalange.de\/wp-content\/uploads\/2020\/03\/Engel_2_KPK-207x300.jpg\" alt=\"Engel Karte\" \/><figcaption class=\"elementor-image-carousel-caption\">Engel Karte<\/figcaption><\/figure><\/a><\/div><div class=\"swiper-slide\" role=\"group\" aria-roledescription=\"slide\" aria-label=\"5 von 7\"><a data-elementor-open-lightbox=\"yes\" data-elementor-lightbox-slideshow=\"4cce733c\" data-elementor-lightbox-title=\"Engel klein Karte\" data-e-action-hash=\"#elementor-action%3Aaction%3Dlightbox%26settings%3DeyJpZCI6MTAwMCwidXJsIjoiaHR0cHM6XC9cL2JyaXR0YWxhbmdlLmRlXC93cC1jb250ZW50XC91cGxvYWRzXC8yMDIwXC8wM1wvRW5nZV8xX0tQSy5qcGciLCJzbGlkZXNob3ciOiI0Y2NlNzMzYyJ9\" href=\"https:\/\/brittalange.de\/wp-content\/uploads\/2020\/03\/Enge_1_KPK.jpg\"><figure class=\"swiper-slide-inner\"><img decoding=\"async\" class=\"swiper-slide-image\" src=\"https:\/\/brittalange.de\/wp-content\/uploads\/2020\/03\/Enge_1_KPK-214x300.jpg\" alt=\"Engel klein Karte\" \/><figcaption class=\"elementor-image-carousel-caption\">Engel klein Karte<\/figcaption><\/figure><\/a><\/div><div class=\"swiper-slide\" role=\"group\" aria-roledescription=\"slide\" aria-label=\"6 von 7\"><a data-elementor-open-lightbox=\"yes\" data-elementor-lightbox-slideshow=\"4cce733c\" data-elementor-lightbox-title=\"Herz Karte\" data-e-action-hash=\"#elementor-action%3Aaction%3Dlightbox%26settings%3DeyJpZCI6MTAwMSwidXJsIjoiaHR0cHM6XC9cL2JyaXR0YWxhbmdlLmRlXC93cC1jb250ZW50XC91cGxvYWRzXC8yMDIwXC8wM1wvSGVyel9LUEsuanBnIiwic2xpZGVzaG93IjoiNGNjZTczM2MifQ%3D%3D\" href=\"https:\/\/brittalange.de\/wp-content\/uploads\/2020\/03\/Herz_KPK.jpg\"><figure class=\"swiper-slide-inner\"><img decoding=\"async\" class=\"swiper-slide-image\" src=\"https:\/\/brittalange.de\/wp-content\/uploads\/2020\/03\/Herz_KPK-206x300.jpg\" alt=\"Herz Karte\" \/><figcaption class=\"elementor-image-carousel-caption\">Herz Karte<\/figcaption><\/figure><\/a><\/div><div class=\"swiper-slide\" role=\"group\" aria-roledescription=\"slide\" aria-label=\"7 von 7\"><a data-elementor-open-lightbox=\"yes\" data-elementor-lightbox-slideshow=\"4cce733c\" data-elementor-lightbox-title=\"Weihnachtsmann Karte\" data-e-action-hash=\"#elementor-action%3Aaction%3Dlightbox%26settings%3DeyJpZCI6MTAwMywidXJsIjoiaHR0cHM6XC9cL2JyaXR0YWxhbmdlLmRlXC93cC1jb250ZW50XC91cGxvYWRzXC8yMDIwXC8wM1wvV21hbm5fS1BLLmpwZyIsInNsaWRlc2hvdyI6IjRjY2U3MzNjIn0%3D\" href=\"https:\/\/brittalange.de\/wp-content\/uploads\/2020\/03\/Wmann_KPK.jpg\"><figure class=\"swiper-slide-inner\"><img decoding=\"async\" class=\"swiper-slide-image\" src=\"https:\/\/brittalange.de\/wp-content\/uploads\/2020\/03\/Wmann_KPK-212x300.jpg\" alt=\"Weihnachtsmann Karte\" \/><figcaption class=\"elementor-image-carousel-caption\">Weihnachtsmann Karte<\/figcaption><\/figure><\/a><\/div>\t\t\t<\/div>\n\t\t\t\t\t\t\t\t\t\t\t\t<div class=\"elementor-swiper-button elementor-swiper-button-prev\" role=\"button\" tabindex=\"0\">\n\t\t\t\t\t\t<i aria-hidden=\"true\" class=\"eicon-chevron-left\"><\/i>\t\t\t\t\t<\/div>\n\t\t\t\t\t<div class=\"elementor-swiper-button elementor-swiper-button-next\" role=\"button\" tabindex=\"0\">\n\t\t\t\t\t\t<i aria-hidden=\"true\" class=\"eicon-chevron-right\"><\/i>\t\t\t\t\t<\/div>\n\t\t\t\t\n\t\t\t\t\t\t\t\t\t<div class=\"swiper-pagination\"><\/div>\n\t\t\t\t\t\t\t\t\t<\/div>\n\t\t\t\t\t\t<\/div>\n\t\t\t\t<\/div>\n\t\t\t\t\t<\/div>\n\t\t<\/div>\n\t\t\t\t\t<\/div>\n\t\t<\/section>\n\t\t\t\t<\/div>\n\t\t","protected":false},"excerpt":{"rendered":"","protected":false},"author":1,"featured_media":0,"parent":0,"menu_order":0,"comment_status":"closed","ping_status":"closed","template":"","meta":{"ngg_post_thumbnail":0,"footnotes":""},"class_list":["post-1014","page","type-page","status-publish","hentry"],"yoast_head":"<!-- This site is optimized with the Yoast SEO plugin v24.2 - https:\/\/yoast.com\/wordpress\/plugins\/seo\/ -->\n<title>Karten - Britta Lange<\/title>\n<meta name=\"robots\" content=\"index, follow, max-snippet:-1, max-image-preview:large, max-video-preview:-1\" \/>\n<link rel=\"canonical\" href=\"https:\/\/brittalange.de\/?page_id=1014\" \/>\n<meta property=\"og:locale\" content=\"de_DE\" \/>\n<meta property=\"og:type\" content=\"article\" \/>\n<meta property=\"og:title\" content=\"Karten - Britta Lange\" \/>\n<meta property=\"og:url\" content=\"https:\/\/brittalange.de\/?page_id=1014\" \/>\n<meta property=\"og:site_name\" content=\"Britta Lange\" \/>\n<meta property=\"article:modified_time\" content=\"2020-03-31T13:13:12+00:00\" \/>\n<meta name=\"twitter:card\" content=\"summary_large_image\" \/>\n<script type=\"application\/ld+json\" class=\"yoast-schema-graph\">{\"@context\":\"https:\/\/schema.org\",\"@graph\":[{\"@type\":\"WebPage\",\"@id\":\"https:\/\/brittalange.de\/?page_id=1014\",\"url\":\"https:\/\/brittalange.de\/?page_id=1014\",\"name\":\"Karten - Britta Lange\",\"isPartOf\":{\"@id\":\"https:\/\/brittalange.de\/#website\"},\"datePublished\":\"2020-03-31T12:46:15+00:00\",\"dateModified\":\"2020-03-31T13:13:12+00:00\",\"breadcrumb\":{\"@id\":\"https:\/\/brittalange.de\/?page_id=1014#breadcrumb\"},\"inLanguage\":\"de\",\"potentialAction\":[{\"@type\":\"ReadAction\",\"target\":[\"https:\/\/brittalange.de\/?page_id=1014\"]}]},{\"@type\":\"BreadcrumbList\",\"@id\":\"https:\/\/brittalange.de\/?page_id=1014#breadcrumb\",\"itemListElement\":[{\"@type\":\"ListItem\",\"position\":1,\"name\":\"Startseite\",\"item\":\"https:\/\/brittalange.de\/\"},{\"@type\":\"ListItem\",\"position\":2,\"name\":\"Karten\"}]},{\"@type\":\"WebSite\",\"@id\":\"https:\/\/brittalange.de\/#website\",\"url\":\"https:\/\/brittalange.de\/\",\"name\":\"Britta Lange\",\"description\":\"K\u00fcnstlerin\",\"publisher\":{\"@id\":\"https:\/\/brittalange.de\/#organization\"},\"potentialAction\":[{\"@type\":\"SearchAction\",\"target\":{\"@type\":\"EntryPoint\",\"urlTemplate\":\"https:\/\/brittalange.de\/?s={search_term_string}\"},\"query-input\":{\"@type\":\"PropertyValueSpecification\",\"valueRequired\":true,\"valueName\":\"search_term_string\"}}],\"inLanguage\":\"de\"},{\"@type\":\"Organization\",\"@id\":\"https:\/\/brittalange.de\/#organization\",\"name\":\"Britta Lange\",\"url\":\"https:\/\/brittalange.de\/\",\"logo\":{\"@type\":\"ImageObject\",\"inLanguage\":\"de\",\"@id\":\"https:\/\/brittalange.de\/#\/schema\/logo\/image\/\",\"url\":\"https:\/\/brittalange.de\/wp-content\/uploads\/2018\/08\/cropped-Logo_BL_ArtDG.png\",\"contentUrl\":\"https:\/\/brittalange.de\/wp-content\/uploads\/2018\/08\/cropped-Logo_BL_ArtDG.png\",\"width\":431,\"height\":250,\"caption\":\"Britta Lange\"},\"image\":{\"@id\":\"https:\/\/brittalange.de\/#\/schema\/logo\/image\/\"}}]}<\/script>\n<!-- \/ Yoast SEO plugin. -->","yoast_head_json":{"title":"Karten - Britta Lange","robots":{"index":"index","follow":"follow","max-snippet":"max-snippet:-1","max-image-preview":"max-image-preview:large","max-video-preview":"max-video-preview:-1"},"canonical":"https:\/\/brittalange.de\/?page_id=1014","og_locale":"de_DE","og_type":"article","og_title":"Karten - Britta Lange","og_url":"https:\/\/brittalange.de\/?page_id=1014","og_site_name":"Britta Lange","article_modified_time":"2020-03-31T13:13:12+00:00","twitter_card":"summary_large_image","schema":{"@context":"https:\/\/schema.org","@graph":[{"@type":"WebPage","@id":"https:\/\/brittalange.de\/?page_id=1014","url":"https:\/\/brittalange.de\/?page_id=1014","name":"Karten - Britta Lange","isPartOf":{"@id":"https:\/\/brittalange.de\/#website"},"datePublished":"2020-03-31T12:46:15+00:00","dateModified":"2020-03-31T13:13:12+00:00","breadcrumb":{"@id":"https:\/\/brittalange.de\/?page_id=1014#breadcrumb"},"inLanguage":"de","potentialAction":[{"@type":"ReadAction","target":["https:\/\/brittalange.de\/?page_id=1014"]}]},{"@type":"BreadcrumbList","@id":"https:\/\/brittalange.de\/?page_id=1014#breadcrumb","itemListElement":[{"@type":"ListItem","position":1,"name":"Startseite","item":"https:\/\/brittalange.de\/"},{"@type":"ListItem","position":2,"name":"Karten"}]},{"@type":"WebSite","@id":"https:\/\/brittalange.de\/#website","url":"https:\/\/brittalange.de\/","name":"Britta Lange","description":"K\u00fcnstlerin","publisher":{"@id":"https:\/\/brittalange.de\/#organization"},"potentialAction":[{"@type":"SearchAction","target":{"@type":"EntryPoint","urlTemplate":"https:\/\/brittalange.de\/?s={search_term_string}"},"query-input":{"@type":"PropertyValueSpecification","valueRequired":true,"valueName":"search_term_string"}}],"inLanguage":"de"},{"@type":"Organization","@id":"https:\/\/brittalange.de\/#organization","name":"Britta Lange","url":"https:\/\/brittalange.de\/","logo":{"@type":"ImageObject","inLanguage":"de","@id":"https:\/\/brittalange.de\/#\/schema\/logo\/image\/","url":"https:\/\/brittalange.de\/wp-content\/uploads\/2018\/08\/cropped-Logo_BL_ArtDG.png","contentUrl":"https:\/\/brittalange.de\/wp-content\/uploads\/2018\/08\/cropped-Logo_BL_ArtDG.png","width":431,"height":250,"caption":"Britta Lange"},"image":{"@id":"https:\/\/brittalange.de\/#\/schema\/logo\/image\/"}}]}},"jetpack_sharing_enabled":true,"_links":{"self":[{"href":"https:\/\/brittalange.de\/index.php?rest_route=\/wp\/v2\/pages\/1014","targetHints":{"allow":["GET"]}}],"collection":[{"href":"https:\/\/brittalange.de\/index.php?rest_route=\/wp\/v2\/pages"}],"about":[{"href":"https:\/\/brittalange.de\/index.php?rest_route=\/wp\/v2\/types\/page"}],"author":[{"embeddable":true,"href":"https:\/\/brittalange.de\/index.php?rest_route=\/wp\/v2\/users\/1"}],"replies":[{"embeddable":true,"href":"https:\/\/brittalange.de\/index.php?rest_route=%2Fwp%2Fv2%2Fcomments&post=1014"}],"version-history":[{"count":5,"href":"https:\/\/brittalange.de\/index.php?rest_route=\/wp\/v2\/pages\/1014\/revisions"}],"predecessor-version":[{"id":1022,"href":"https:\/\/brittalange.de\/index.php?rest_route=\/wp\/v2\/pages\/1014\/revisions\/1022"}],"wp:attachment":[{"href":"https:\/\/brittalange.de\/index.php?rest_route=%2Fwp%2Fv2%2Fmedia&parent=1014"}],"curies":[{"name":"wp","href":"https:\/\/api.w.org\/{rel}","templated":true}]}}