{"id":14,"date":"2018-01-04T12:03:45","date_gmt":"2018-01-04T12:03:45","guid":{"rendered":"http:\/\/brittalange.de\/?page_id=14"},"modified":"2022-07-10T18:12:36","modified_gmt":"2022-07-10T18:12:36","slug":"about","status":"publish","type":"page","link":"https:\/\/brittalange.de\/?page_id=14","title":{"rendered":"About"},"content":{"rendered":"<h3><img fetchpriority=\"high\" decoding=\"async\" class=\"size-medium wp-image-28 aligncenter\" src=\"https:\/\/brittalange.de\/wp-content\/uploads\/2018\/01\/BrittaLange_Druckwerksatt-300x242.jpg\" alt=\"\" width=\"300\" height=\"242\" srcset=\"https:\/\/brittalange.de\/wp-content\/uploads\/2018\/01\/BrittaLange_Druckwerksatt-300x242.jpg 300w, https:\/\/brittalange.de\/wp-content\/uploads\/2018\/01\/BrittaLange_Druckwerksatt-768x619.jpg 768w, https:\/\/brittalange.de\/wp-content\/uploads\/2018\/01\/BrittaLange_Druckwerksatt-1024x825.jpg 1024w, https:\/\/brittalange.de\/wp-content\/uploads\/2018\/01\/BrittaLange_Druckwerksatt.jpg 1465w\" sizes=\"(max-width: 300px) 100vw, 300px\" \/><span style=\"color: #e6d282;\">Zu meiner Person<\/span><\/h3>\n<p>Ich bin am 16. Juni 1968 in L\u00fcneburg geboren und habe meine Kindheit und Jugend in Buxtehude&nbsp;verbracht. Nach meinem Studium als <span style=\"color: #e6d282;\">Kommunikationsdesignerin in Hamburg<\/span> mit den Schwerpunkten Illustration, Fotografie und Typografie war ich von 1992 bis 2001 als <span style=\"color: #e6d282;\"><a style=\"color: #e6d282;\" href=\"https:\/\/brittalange.de\/?page_id=18\">Art-Direktorin und Kreativ-Direktorin<\/a><\/span> in verschiedenen Werbeagenturen in Hamburg t\u00e4tig.<br \/>\nSeit 2002 arbeite ich als<span style=\"color: #e6d282;\">&nbsp;freischaffende K\u00fcnstlerin, Illustratorin und Grafikerin.<\/span><br \/>\nAn der VHS Buxtehude gebe ich seit 2010 Kurse f\u00fcr Kinder und Erwachsene im k\u00fcnstlerischen Bereich.<br \/>\nIm Februar 2016 gr\u00fcndete ich die Druckwerkstatt &amp; Atelier. In meinem eigenen Atelier und meiner Werkstatt unterrichte ich Druck- und Maltechniken f\u00fcr Kinder, Jugendliche und Erwachsene. Seit Dezember 2020 bin ich Mitglied im Bund Bildender K\u00fcnstlerinnen und K\u00fcnstler (BBK) der Bezirksgruppe Stade-Cuxhaven.<\/p>\n<hr>\n<p><span style=\"color: #e6d282;\">Mein Techniken<\/span><br \/>\n\u00b7 Radierung (Kaltnadel, Strich\u00e4tzung, Aquatinta, Vernis Mou)<\/p>\n<p>\u00b7 Holz- und Linolschnitt (Hochdruck)<\/p>\n<p>\u00b7 Monotypie (Gelli-Print)<\/p>\n<p>\u00b7 Mixed Media (Collage)<\/p>\n<p>\u00b7 Aquarell<\/p>\n<hr>\n<p><span style=\"color: #e6d282;\">Mein Stil<\/span><br \/>\nMeine Bilder sind phantasievoll, lebendig und haben einen ganz eigenen Humor.<br \/>\nMein Zeichenstil ist grafisch und vereinfacht. Alle Gegenst\u00e4nde und Lebewesen entstehen aus&nbsp;Grundformen Kreis, Quadrat und Dreieck und orientieren sich bewusst nicht an Perspektive und&nbsp;Gr\u00f6\u00dfenverh\u00e4ltnissen. Sie sind auf das Wesentliche reduziert.<\/p>\n<hr>\n<p><span style=\"color: #e6d282; font-size: 1.125rem;\">Meine Themen<\/span><\/p>\n<ol>\n<li>Inhaltlich besch\u00e4ftige ich mich u. a. mit traditionellen Reimen von bekannten Dichtern, M\u00e4rchen und Liedern von zum Beispiel von Joachim Ringelnatz, Christian Morgenstern, Mascha Kal\u00e9ko.&nbsp;<br \/>\n<span style=\"font-size: 1rem;\">Die \u201eDrei Spatzen\u201c von Christan Morgenstern und die \u201eAmeisen aus Altona\u201d von Joachim Ringelnatz z\u00e4hlen zu den beliebtesten Motiven.<\/span><\/li>\n<li><span style=\"font-size: 1rem;\">Charakterk\u00f6pfe aus einem Strich (One-Line-Art)&nbsp;<br \/>\n<\/span><span style=\"font-size: 1rem;\"><span style=\"font-size: 1rem;\">Ich zeichne liebevolle Karikaturen von Einzelpersonen, Paaren und Familien aus einem Strich ohne den Stift abzusetzen. Dabei konzentriere ich mich auf das Wesentliche eines jeden Menschen.<\/span><\/span><\/li>\n<\/ol>\n<hr>\n<p style=\"text-align: center;\"><span style=\"color: #666666; font-size: 1.25rem;\">Mein Leitgedanke: \u201cMan malt nur mit dem Herzen gut\u201d<\/span><\/p>\n","protected":false},"excerpt":{"rendered":"<p>Zu meiner Person Ich bin am 16. Juni 1968 in L\u00fcneburg geboren und habe meine Kindheit und Jugend in Buxtehude&nbsp;verbracht. Nach meinem Studium als Kommunikationsdesignerin in Hamburg mit den Schwerpunkten Illustration, Fotografie und Typografie war ich von 1992 bis 2001 als Art-Direktorin und Kreativ-Direktorin in verschiedenen Werbeagenturen in Hamburg t\u00e4tig. Seit 2002 arbeite ich als&nbsp;freischaffende &hellip; <\/p>\n<p class=\"link-more\"><a href=\"https:\/\/brittalange.de\/?page_id=14\" class=\"more-link\"><span class=\"screen-reader-text\">\u201eAbout\u201c<\/span> weiterlesen<\/a><\/p>\n","protected":false},"author":1,"featured_media":0,"parent":0,"menu_order":0,"comment_status":"closed","ping_status":"closed","template":"","meta":{"ngg_post_thumbnail":0,"footnotes":""},"class_list":["post-14","page","type-page","status-publish","hentry"],"yoast_head":"<!-- This site is optimized with the Yoast SEO plugin v24.2 - https:\/\/yoast.com\/wordpress\/plugins\/seo\/ -->\n<title>About - Britta Lange<\/title>\n<meta name=\"robots\" content=\"index, follow, max-snippet:-1, max-image-preview:large, max-video-preview:-1\" \/>\n<link rel=\"canonical\" href=\"https:\/\/brittalange.de\/?page_id=14\" \/>\n<meta property=\"og:locale\" content=\"de_DE\" \/>\n<meta property=\"og:type\" content=\"article\" \/>\n<meta property=\"og:title\" content=\"About - Britta Lange\" \/>\n<meta property=\"og:description\" content=\"Zu meiner Person Ich bin am 16. Juni 1968 in L\u00fcneburg geboren und habe meine Kindheit und Jugend in Buxtehude&nbsp;verbracht. Nach meinem Studium als Kommunikationsdesignerin in Hamburg mit den Schwerpunkten Illustration, Fotografie und Typografie war ich von 1992 bis 2001 als Art-Direktorin und Kreativ-Direktorin in verschiedenen Werbeagenturen in Hamburg t\u00e4tig. Seit 2002 arbeite ich als&nbsp;freischaffende &hellip; \u201eAbout\u201c weiterlesen\" \/>\n<meta property=\"og:url\" content=\"https:\/\/brittalange.de\/?page_id=14\" \/>\n<meta property=\"og:site_name\" content=\"Britta Lange\" \/>\n<meta property=\"article:modified_time\" content=\"2022-07-10T18:12:36+00:00\" \/>\n<meta property=\"og:image\" content=\"http:\/\/brittalange.de\/wp-content\/uploads\/2018\/01\/BrittaLange_Druckwerksatt-300x242.jpg\" \/>\n<meta name=\"twitter:card\" content=\"summary_large_image\" \/>\n<meta name=\"twitter:label1\" content=\"Gesch\u00e4tzte Lesezeit\" \/>\n\t<meta name=\"twitter:data1\" content=\"1\u00a0Minute\" \/>\n<script type=\"application\/ld+json\" class=\"yoast-schema-graph\">{\"@context\":\"https:\/\/schema.org\",\"@graph\":[{\"@type\":\"WebPage\",\"@id\":\"https:\/\/brittalange.de\/?page_id=14\",\"url\":\"https:\/\/brittalange.de\/?page_id=14\",\"name\":\"About - Britta Lange\",\"isPartOf\":{\"@id\":\"https:\/\/brittalange.de\/#website\"},\"primaryImageOfPage\":{\"@id\":\"https:\/\/brittalange.de\/?page_id=14#primaryimage\"},\"image\":{\"@id\":\"https:\/\/brittalange.de\/?page_id=14#primaryimage\"},\"thumbnailUrl\":\"http:\/\/brittalange.de\/wp-content\/uploads\/2018\/01\/BrittaLange_Druckwerksatt-300x242.jpg\",\"datePublished\":\"2018-01-04T12:03:45+00:00\",\"dateModified\":\"2022-07-10T18:12:36+00:00\",\"breadcrumb\":{\"@id\":\"https:\/\/brittalange.de\/?page_id=14#breadcrumb\"},\"inLanguage\":\"de\",\"potentialAction\":[{\"@type\":\"ReadAction\",\"target\":[\"https:\/\/brittalange.de\/?page_id=14\"]}]},{\"@type\":\"ImageObject\",\"inLanguage\":\"de\",\"@id\":\"https:\/\/brittalange.de\/?page_id=14#primaryimage\",\"url\":\"http:\/\/brittalange.de\/wp-content\/uploads\/2018\/01\/BrittaLange_Druckwerksatt-300x242.jpg\",\"contentUrl\":\"http:\/\/brittalange.de\/wp-content\/uploads\/2018\/01\/BrittaLange_Druckwerksatt-300x242.jpg\"},{\"@type\":\"BreadcrumbList\",\"@id\":\"https:\/\/brittalange.de\/?page_id=14#breadcrumb\",\"itemListElement\":[{\"@type\":\"ListItem\",\"position\":1,\"name\":\"Startseite\",\"item\":\"https:\/\/brittalange.de\/\"},{\"@type\":\"ListItem\",\"position\":2,\"name\":\"About\"}]},{\"@type\":\"WebSite\",\"@id\":\"https:\/\/brittalange.de\/#website\",\"url\":\"https:\/\/brittalange.de\/\",\"name\":\"Britta Lange\",\"description\":\"K\u00fcnstlerin\",\"publisher\":{\"@id\":\"https:\/\/brittalange.de\/#organization\"},\"potentialAction\":[{\"@type\":\"SearchAction\",\"target\":{\"@type\":\"EntryPoint\",\"urlTemplate\":\"https:\/\/brittalange.de\/?s={search_term_string}\"},\"query-input\":{\"@type\":\"PropertyValueSpecification\",\"valueRequired\":true,\"valueName\":\"search_term_string\"}}],\"inLanguage\":\"de\"},{\"@type\":\"Organization\",\"@id\":\"https:\/\/brittalange.de\/#organization\",\"name\":\"Britta Lange\",\"url\":\"https:\/\/brittalange.de\/\",\"logo\":{\"@type\":\"ImageObject\",\"inLanguage\":\"de\",\"@id\":\"https:\/\/brittalange.de\/#\/schema\/logo\/image\/\",\"url\":\"https:\/\/brittalange.de\/wp-content\/uploads\/2018\/08\/cropped-Logo_BL_ArtDG.png\",\"contentUrl\":\"https:\/\/brittalange.de\/wp-content\/uploads\/2018\/08\/cropped-Logo_BL_ArtDG.png\",\"width\":431,\"height\":250,\"caption\":\"Britta Lange\"},\"image\":{\"@id\":\"https:\/\/brittalange.de\/#\/schema\/logo\/image\/\"}}]}<\/script>\n<!-- \/ Yoast SEO plugin. -->","yoast_head_json":{"title":"About - Britta Lange","robots":{"index":"index","follow":"follow","max-snippet":"max-snippet:-1","max-image-preview":"max-image-preview:large","max-video-preview":"max-video-preview:-1"},"canonical":"https:\/\/brittalange.de\/?page_id=14","og_locale":"de_DE","og_type":"article","og_title":"About - Britta Lange","og_description":"Zu meiner Person Ich bin am 16. Juni 1968 in L\u00fcneburg geboren und habe meine Kindheit und Jugend in Buxtehude&nbsp;verbracht. Nach meinem Studium als Kommunikationsdesignerin in Hamburg mit den Schwerpunkten Illustration, Fotografie und Typografie war ich von 1992 bis 2001 als Art-Direktorin und Kreativ-Direktorin in verschiedenen Werbeagenturen in Hamburg t\u00e4tig. Seit 2002 arbeite ich als&nbsp;freischaffende &hellip; \u201eAbout\u201c weiterlesen","og_url":"https:\/\/brittalange.de\/?page_id=14","og_site_name":"Britta Lange","article_modified_time":"2022-07-10T18:12:36+00:00","og_image":[{"url":"http:\/\/brittalange.de\/wp-content\/uploads\/2018\/01\/BrittaLange_Druckwerksatt-300x242.jpg","type":"","width":"","height":""}],"twitter_card":"summary_large_image","twitter_misc":{"Gesch\u00e4tzte Lesezeit":"1\u00a0Minute"},"schema":{"@context":"https:\/\/schema.org","@graph":[{"@type":"WebPage","@id":"https:\/\/brittalange.de\/?page_id=14","url":"https:\/\/brittalange.de\/?page_id=14","name":"About - Britta Lange","isPartOf":{"@id":"https:\/\/brittalange.de\/#website"},"primaryImageOfPage":{"@id":"https:\/\/brittalange.de\/?page_id=14#primaryimage"},"image":{"@id":"https:\/\/brittalange.de\/?page_id=14#primaryimage"},"thumbnailUrl":"http:\/\/brittalange.de\/wp-content\/uploads\/2018\/01\/BrittaLange_Druckwerksatt-300x242.jpg","datePublished":"2018-01-04T12:03:45+00:00","dateModified":"2022-07-10T18:12:36+00:00","breadcrumb":{"@id":"https:\/\/brittalange.de\/?page_id=14#breadcrumb"},"inLanguage":"de","potentialAction":[{"@type":"ReadAction","target":["https:\/\/brittalange.de\/?page_id=14"]}]},{"@type":"ImageObject","inLanguage":"de","@id":"https:\/\/brittalange.de\/?page_id=14#primaryimage","url":"http:\/\/brittalange.de\/wp-content\/uploads\/2018\/01\/BrittaLange_Druckwerksatt-300x242.jpg","contentUrl":"http:\/\/brittalange.de\/wp-content\/uploads\/2018\/01\/BrittaLange_Druckwerksatt-300x242.jpg"},{"@type":"BreadcrumbList","@id":"https:\/\/brittalange.de\/?page_id=14#breadcrumb","itemListElement":[{"@type":"ListItem","position":1,"name":"Startseite","item":"https:\/\/brittalange.de\/"},{"@type":"ListItem","position":2,"name":"About"}]},{"@type":"WebSite","@id":"https:\/\/brittalange.de\/#website","url":"https:\/\/brittalange.de\/","name":"Britta Lange","description":"K\u00fcnstlerin","publisher":{"@id":"https:\/\/brittalange.de\/#organization"},"potentialAction":[{"@type":"SearchAction","target":{"@type":"EntryPoint","urlTemplate":"https:\/\/brittalange.de\/?s={search_term_string}"},"query-input":{"@type":"PropertyValueSpecification","valueRequired":true,"valueName":"search_term_string"}}],"inLanguage":"de"},{"@type":"Organization","@id":"https:\/\/brittalange.de\/#organization","name":"Britta Lange","url":"https:\/\/brittalange.de\/","logo":{"@type":"ImageObject","inLanguage":"de","@id":"https:\/\/brittalange.de\/#\/schema\/logo\/image\/","url":"https:\/\/brittalange.de\/wp-content\/uploads\/2018\/08\/cropped-Logo_BL_ArtDG.png","contentUrl":"https:\/\/brittalange.de\/wp-content\/uploads\/2018\/08\/cropped-Logo_BL_ArtDG.png","width":431,"height":250,"caption":"Britta Lange"},"image":{"@id":"https:\/\/brittalange.de\/#\/schema\/logo\/image\/"}}]}},"jetpack_sharing_enabled":true,"_links":{"self":[{"href":"https:\/\/brittalange.de\/index.php?rest_route=\/wp\/v2\/pages\/14","targetHints":{"allow":["GET"]}}],"collection":[{"href":"https:\/\/brittalange.de\/index.php?rest_route=\/wp\/v2\/pages"}],"about":[{"href":"https:\/\/brittalange.de\/index.php?rest_route=\/wp\/v2\/types\/page"}],"author":[{"embeddable":true,"href":"https:\/\/brittalange.de\/index.php?rest_route=\/wp\/v2\/users\/1"}],"replies":[{"embeddable":true,"href":"https:\/\/brittalange.de\/index.php?rest_route=%2Fwp%2Fv2%2Fcomments&post=14"}],"version-history":[{"count":20,"href":"https:\/\/brittalange.de\/index.php?rest_route=\/wp\/v2\/pages\/14\/revisions"}],"predecessor-version":[{"id":1470,"href":"https:\/\/brittalange.de\/index.php?rest_route=\/wp\/v2\/pages\/14\/revisions\/1470"}],"wp:attachment":[{"href":"https:\/\/brittalange.de\/index.php?rest_route=%2Fwp%2Fv2%2Fmedia&parent=14"}],"curies":[{"name":"wp","href":"https:\/\/api.w.org\/{rel}","templated":true}]}}