{"id":17,"date":"2018-01-04T12:04:52","date_gmt":"2018-01-04T12:04:52","guid":{"rendered":"http:\/\/brittalange.de\/?page_id=17"},"modified":"2023-01-17T16:28:29","modified_gmt":"2023-01-17T16:28:29","slug":"druckwerkstatt-atelier","status":"publish","type":"page","link":"https:\/\/brittalange.de\/?page_id=17","title":{"rendered":"Druckwerkstatt &#038; Atelier"},"content":{"rendered":"<p>&nbsp;<img fetchpriority=\"high\" decoding=\"async\" class=\"wp-image-245 alignleft\" src=\"https:\/\/brittalange.de\/wp-content\/uploads\/2018\/01\/FullSizeRender-300x138.jpg\" alt=\"\" width=\"439\" height=\"202\" srcset=\"https:\/\/brittalange.de\/wp-content\/uploads\/2018\/01\/FullSizeRender-300x138.jpg 300w, https:\/\/brittalange.de\/wp-content\/uploads\/2018\/01\/FullSizeRender-768x354.jpg 768w, https:\/\/brittalange.de\/wp-content\/uploads\/2018\/01\/FullSizeRender-1024x471.jpg 1024w\" sizes=\"(max-width: 439px) 100vw, 439px\" \/><\/p>\n<p>&nbsp;<\/p>\n<p>&nbsp;<\/p>\n<p>&nbsp;<\/p>\n<h3><span style=\"color: #e6d282;\">Fortlaufende Kurse in eigener Werkstatt und Atelier<\/span><\/h3>\n<p><span style=\"font-weight: 600;\">Donnerstags<\/span>&nbsp;II <strong>ATELIER KIKU UND JUKU&nbsp;<\/strong>f\u00fcr Kinder und Jugendliche &nbsp;17:00 bis 18:30 Uhr<\/p>\n<p><span style=\"color: #ff9900;\">Der Kurs ist derzeit ausgebucht! Ab September 2023 gibt es wieder freie Pl\u00e4tze.<\/span><\/p>\n<hr>\n<p><strong>Die Druckwerkstatt<\/strong><br \/>\nHier ist Raum f\u00fcr alle Menschen, die sich k\u00fcnstlerisch ausdr\u00fccken m\u00f6chten und dabei Unterst\u00fctzung w\u00fcnschen, um ihre k\u00fcnstlerischen Arbeiten zu vertiefen. Unterrichtet wird die <strong>klassische Radierung <\/strong>in den Techniken&nbsp;Kaltnadel, Strich\u00e4tzung und Aquatinta sowie Vernis Mou und Absprengtechnik. Auch Radierung auf Tetra Pak und anderen Materialien wird angeboten. Drei Druckerpressen mit den Drucktischma\u00dfen 20 x 40 cm, 40 x 90 cm und 90 x 150 cm sowie eine Stabpresse (Buchdruckpresse) sind vorhanden.<\/p>\n<p>Die <strong>Offene Druckwerkstatt f\u00fcr Fortgeschrittene<\/strong> findet nach Absprache per Mail oder telefonische ab drei Personen statt. Weitere Termine f\u00fcr Workshops finden Sie unter dem Men\u00fcpunkt Ausstellung &amp; Workshops.<\/p>\n<p><strong>Weitere Drucktechniken, kreativ zu werden:<\/strong><br \/>\nK\u00f6rper- &amp; Materialdruck,&nbsp;Stempelherstellung,&nbsp;Gelli-Print,&nbsp;Monotypie,&nbsp;Linoldruck, Holzschnitt,&nbsp;Radiergummidruck,&nbsp;Mixed Media &#8230;<\/p>\n<hr>\n<p><strong>Das Atelier<\/strong><br \/>\nGrundlagen der Farblehre, Komposition und&nbsp;Materialkunde sowie verschiedene Umsetzungen von Malerei und Zeichnung werden in fortlaufenden Kursen und Workshops vermittelt.<\/p>\n<p><strong>Erlernen und erleben Sie:<\/strong><\/p>\n<ul>\n<li>experimentelle, abstrakte Malerei mit Acryl und Aquarell<\/li>\n<li>gegenst\u00e4ndliche und illustrative Malerei mit Pastellkreide, Bleistift &#8230;<\/li>\n<li>Collagen\/Mixed Media aus verschiedensten Maltechniken<\/li>\n<\/ul>\n<p>Alle Kursteilnehmer k\u00f6nnen hier ihre Kreativit\u00e4t ausleben und viel Freude an dem haben, was sie gestalten.<\/p>\n","protected":false},"excerpt":{"rendered":"<p>&nbsp; &nbsp; &nbsp; &nbsp; Fortlaufende Kurse in eigener Werkstatt und Atelier Donnerstags&nbsp;II ATELIER KIKU UND JUKU&nbsp;f\u00fcr Kinder und Jugendliche &nbsp;17:00 bis 18:30 Uhr Der Kurs ist derzeit ausgebucht! Ab September 2023 gibt es wieder freie Pl\u00e4tze. Die Druckwerkstatt Hier ist Raum f\u00fcr alle Menschen, die sich k\u00fcnstlerisch ausdr\u00fccken m\u00f6chten und dabei Unterst\u00fctzung w\u00fcnschen, um ihre &hellip; <\/p>\n<p class=\"link-more\"><a href=\"https:\/\/brittalange.de\/?page_id=17\" class=\"more-link\"><span class=\"screen-reader-text\">\u201eDruckwerkstatt &#038; Atelier\u201c<\/span> weiterlesen<\/a><\/p>\n","protected":false},"author":1,"featured_media":0,"parent":0,"menu_order":0,"comment_status":"closed","ping_status":"closed","template":"","meta":{"ngg_post_thumbnail":0,"footnotes":""},"class_list":["post-17","page","type-page","status-publish","hentry"],"yoast_head":"<!-- This site is optimized with the Yoast SEO plugin v24.2 - https:\/\/yoast.com\/wordpress\/plugins\/seo\/ -->\n<title>Druckwerkstatt &amp; Atelier - Britta Lange<\/title>\n<meta name=\"robots\" content=\"index, follow, max-snippet:-1, max-image-preview:large, max-video-preview:-1\" \/>\n<link rel=\"canonical\" href=\"https:\/\/brittalange.de\/?page_id=17\" \/>\n<meta property=\"og:locale\" content=\"de_DE\" \/>\n<meta property=\"og:type\" content=\"article\" \/>\n<meta property=\"og:title\" content=\"Druckwerkstatt &amp; Atelier - Britta Lange\" \/>\n<meta property=\"og:description\" content=\"&nbsp; &nbsp; &nbsp; &nbsp; Fortlaufende Kurse in eigener Werkstatt und Atelier Donnerstags&nbsp;II ATELIER KIKU UND JUKU&nbsp;f\u00fcr Kinder und Jugendliche &nbsp;17:00 bis 18:30 Uhr Der Kurs ist derzeit ausgebucht! Ab September 2023 gibt es wieder freie Pl\u00e4tze. Die Druckwerkstatt Hier ist Raum f\u00fcr alle Menschen, die sich k\u00fcnstlerisch ausdr\u00fccken m\u00f6chten und dabei Unterst\u00fctzung w\u00fcnschen, um ihre &hellip; \u201eDruckwerkstatt &#038; Atelier\u201c weiterlesen\" \/>\n<meta property=\"og:url\" content=\"https:\/\/brittalange.de\/?page_id=17\" \/>\n<meta property=\"og:site_name\" content=\"Britta Lange\" \/>\n<meta property=\"article:modified_time\" content=\"2023-01-17T16:28:29+00:00\" \/>\n<meta property=\"og:image\" content=\"http:\/\/brittalange.de\/wp-content\/uploads\/2018\/01\/FullSizeRender-300x138.jpg\" \/>\n<meta name=\"twitter:card\" content=\"summary_large_image\" \/>\n<meta name=\"twitter:label1\" content=\"Gesch\u00e4tzte Lesezeit\" \/>\n\t<meta name=\"twitter:data1\" content=\"1\u00a0Minute\" \/>\n<script type=\"application\/ld+json\" class=\"yoast-schema-graph\">{\"@context\":\"https:\/\/schema.org\",\"@graph\":[{\"@type\":\"WebPage\",\"@id\":\"https:\/\/brittalange.de\/?page_id=17\",\"url\":\"https:\/\/brittalange.de\/?page_id=17\",\"name\":\"Druckwerkstatt & Atelier - Britta Lange\",\"isPartOf\":{\"@id\":\"https:\/\/brittalange.de\/#website\"},\"primaryImageOfPage\":{\"@id\":\"https:\/\/brittalange.de\/?page_id=17#primaryimage\"},\"image\":{\"@id\":\"https:\/\/brittalange.de\/?page_id=17#primaryimage\"},\"thumbnailUrl\":\"http:\/\/brittalange.de\/wp-content\/uploads\/2018\/01\/FullSizeRender-300x138.jpg\",\"datePublished\":\"2018-01-04T12:04:52+00:00\",\"dateModified\":\"2023-01-17T16:28:29+00:00\",\"breadcrumb\":{\"@id\":\"https:\/\/brittalange.de\/?page_id=17#breadcrumb\"},\"inLanguage\":\"de\",\"potentialAction\":[{\"@type\":\"ReadAction\",\"target\":[\"https:\/\/brittalange.de\/?page_id=17\"]}]},{\"@type\":\"ImageObject\",\"inLanguage\":\"de\",\"@id\":\"https:\/\/brittalange.de\/?page_id=17#primaryimage\",\"url\":\"http:\/\/brittalange.de\/wp-content\/uploads\/2018\/01\/FullSizeRender-300x138.jpg\",\"contentUrl\":\"http:\/\/brittalange.de\/wp-content\/uploads\/2018\/01\/FullSizeRender-300x138.jpg\"},{\"@type\":\"BreadcrumbList\",\"@id\":\"https:\/\/brittalange.de\/?page_id=17#breadcrumb\",\"itemListElement\":[{\"@type\":\"ListItem\",\"position\":1,\"name\":\"Startseite\",\"item\":\"https:\/\/brittalange.de\/\"},{\"@type\":\"ListItem\",\"position\":2,\"name\":\"Druckwerkstatt &#038; Atelier\"}]},{\"@type\":\"WebSite\",\"@id\":\"https:\/\/brittalange.de\/#website\",\"url\":\"https:\/\/brittalange.de\/\",\"name\":\"Britta Lange\",\"description\":\"K\u00fcnstlerin\",\"publisher\":{\"@id\":\"https:\/\/brittalange.de\/#organization\"},\"potentialAction\":[{\"@type\":\"SearchAction\",\"target\":{\"@type\":\"EntryPoint\",\"urlTemplate\":\"https:\/\/brittalange.de\/?s={search_term_string}\"},\"query-input\":{\"@type\":\"PropertyValueSpecification\",\"valueRequired\":true,\"valueName\":\"search_term_string\"}}],\"inLanguage\":\"de\"},{\"@type\":\"Organization\",\"@id\":\"https:\/\/brittalange.de\/#organization\",\"name\":\"Britta Lange\",\"url\":\"https:\/\/brittalange.de\/\",\"logo\":{\"@type\":\"ImageObject\",\"inLanguage\":\"de\",\"@id\":\"https:\/\/brittalange.de\/#\/schema\/logo\/image\/\",\"url\":\"https:\/\/brittalange.de\/wp-content\/uploads\/2018\/08\/cropped-Logo_BL_ArtDG.png\",\"contentUrl\":\"https:\/\/brittalange.de\/wp-content\/uploads\/2018\/08\/cropped-Logo_BL_ArtDG.png\",\"width\":431,\"height\":250,\"caption\":\"Britta Lange\"},\"image\":{\"@id\":\"https:\/\/brittalange.de\/#\/schema\/logo\/image\/\"}}]}<\/script>\n<!-- \/ Yoast SEO plugin. -->","yoast_head_json":{"title":"Druckwerkstatt & Atelier - Britta Lange","robots":{"index":"index","follow":"follow","max-snippet":"max-snippet:-1","max-image-preview":"max-image-preview:large","max-video-preview":"max-video-preview:-1"},"canonical":"https:\/\/brittalange.de\/?page_id=17","og_locale":"de_DE","og_type":"article","og_title":"Druckwerkstatt & Atelier - Britta Lange","og_description":"&nbsp; &nbsp; &nbsp; &nbsp; Fortlaufende Kurse in eigener Werkstatt und Atelier Donnerstags&nbsp;II ATELIER KIKU UND JUKU&nbsp;f\u00fcr Kinder und Jugendliche &nbsp;17:00 bis 18:30 Uhr Der Kurs ist derzeit ausgebucht! Ab September 2023 gibt es wieder freie Pl\u00e4tze. Die Druckwerkstatt Hier ist Raum f\u00fcr alle Menschen, die sich k\u00fcnstlerisch ausdr\u00fccken m\u00f6chten und dabei Unterst\u00fctzung w\u00fcnschen, um ihre &hellip; \u201eDruckwerkstatt &#038; Atelier\u201c weiterlesen","og_url":"https:\/\/brittalange.de\/?page_id=17","og_site_name":"Britta Lange","article_modified_time":"2023-01-17T16:28:29+00:00","og_image":[{"url":"http:\/\/brittalange.de\/wp-content\/uploads\/2018\/01\/FullSizeRender-300x138.jpg","type":"","width":"","height":""}],"twitter_card":"summary_large_image","twitter_misc":{"Gesch\u00e4tzte Lesezeit":"1\u00a0Minute"},"schema":{"@context":"https:\/\/schema.org","@graph":[{"@type":"WebPage","@id":"https:\/\/brittalange.de\/?page_id=17","url":"https:\/\/brittalange.de\/?page_id=17","name":"Druckwerkstatt & Atelier - Britta Lange","isPartOf":{"@id":"https:\/\/brittalange.de\/#website"},"primaryImageOfPage":{"@id":"https:\/\/brittalange.de\/?page_id=17#primaryimage"},"image":{"@id":"https:\/\/brittalange.de\/?page_id=17#primaryimage"},"thumbnailUrl":"http:\/\/brittalange.de\/wp-content\/uploads\/2018\/01\/FullSizeRender-300x138.jpg","datePublished":"2018-01-04T12:04:52+00:00","dateModified":"2023-01-17T16:28:29+00:00","breadcrumb":{"@id":"https:\/\/brittalange.de\/?page_id=17#breadcrumb"},"inLanguage":"de","potentialAction":[{"@type":"ReadAction","target":["https:\/\/brittalange.de\/?page_id=17"]}]},{"@type":"ImageObject","inLanguage":"de","@id":"https:\/\/brittalange.de\/?page_id=17#primaryimage","url":"http:\/\/brittalange.de\/wp-content\/uploads\/2018\/01\/FullSizeRender-300x138.jpg","contentUrl":"http:\/\/brittalange.de\/wp-content\/uploads\/2018\/01\/FullSizeRender-300x138.jpg"},{"@type":"BreadcrumbList","@id":"https:\/\/brittalange.de\/?page_id=17#breadcrumb","itemListElement":[{"@type":"ListItem","position":1,"name":"Startseite","item":"https:\/\/brittalange.de\/"},{"@type":"ListItem","position":2,"name":"Druckwerkstatt &#038; Atelier"}]},{"@type":"WebSite","@id":"https:\/\/brittalange.de\/#website","url":"https:\/\/brittalange.de\/","name":"Britta Lange","description":"K\u00fcnstlerin","publisher":{"@id":"https:\/\/brittalange.de\/#organization"},"potentialAction":[{"@type":"SearchAction","target":{"@type":"EntryPoint","urlTemplate":"https:\/\/brittalange.de\/?s={search_term_string}"},"query-input":{"@type":"PropertyValueSpecification","valueRequired":true,"valueName":"search_term_string"}}],"inLanguage":"de"},{"@type":"Organization","@id":"https:\/\/brittalange.de\/#organization","name":"Britta Lange","url":"https:\/\/brittalange.de\/","logo":{"@type":"ImageObject","inLanguage":"de","@id":"https:\/\/brittalange.de\/#\/schema\/logo\/image\/","url":"https:\/\/brittalange.de\/wp-content\/uploads\/2018\/08\/cropped-Logo_BL_ArtDG.png","contentUrl":"https:\/\/brittalange.de\/wp-content\/uploads\/2018\/08\/cropped-Logo_BL_ArtDG.png","width":431,"height":250,"caption":"Britta Lange"},"image":{"@id":"https:\/\/brittalange.de\/#\/schema\/logo\/image\/"}}]}},"jetpack_sharing_enabled":true,"_links":{"self":[{"href":"https:\/\/brittalange.de\/index.php?rest_route=\/wp\/v2\/pages\/17","targetHints":{"allow":["GET"]}}],"collection":[{"href":"https:\/\/brittalange.de\/index.php?rest_route=\/wp\/v2\/pages"}],"about":[{"href":"https:\/\/brittalange.de\/index.php?rest_route=\/wp\/v2\/types\/page"}],"author":[{"embeddable":true,"href":"https:\/\/brittalange.de\/index.php?rest_route=\/wp\/v2\/users\/1"}],"replies":[{"embeddable":true,"href":"https:\/\/brittalange.de\/index.php?rest_route=%2Fwp%2Fv2%2Fcomments&post=17"}],"version-history":[{"count":38,"href":"https:\/\/brittalange.de\/index.php?rest_route=\/wp\/v2\/pages\/17\/revisions"}],"predecessor-version":[{"id":1593,"href":"https:\/\/brittalange.de\/index.php?rest_route=\/wp\/v2\/pages\/17\/revisions\/1593"}],"wp:attachment":[{"href":"https:\/\/brittalange.de\/index.php?rest_route=%2Fwp%2Fv2%2Fmedia&parent=17"}],"curies":[{"name":"wp","href":"https:\/\/api.w.org\/{rel}","templated":true}]}}