{"id":19,"date":"2018-01-04T12:04:52","date_gmt":"2018-01-04T12:04:52","guid":{"rendered":"http:\/\/brittalange.de\/?page_id=19"},"modified":"2022-06-06T13:14:53","modified_gmt":"2022-06-06T13:14:53","slug":"kontakt","status":"publish","type":"page","link":"https:\/\/brittalange.de\/?page_id=19","title":{"rendered":"Kontakt"},"content":{"rendered":"<h3><span style=\"color: #e6d282;\">IMPRESSUM<\/span><\/h3>\n<h3>Kontaktdaten:<\/h3>\n<p>Britta Lange<br \/>\n<span style=\"font-size: 1rem;\">K\u00fcnstlerin<\/span><br \/>\n<span style=\"font-size: 1rem;\">Finkenstr. 21<\/span><br \/>\n21614 Buxtehude<br \/>\nTelefon: 04161-768221<\/p>\n<p><a href=\"mailto:info@brittalange.de\">info@brittalange.de<\/a><\/p>\n<p><a href=\"http:\/\/www.brittalange.de\/\">www.brittalange.de<\/a><\/p>\n<p>Urheberrecht:<\/p>\n<p>Alle Inhalte der Domain <a href=\"http:\/\/www.brittalange.de\/\">www.brittalange.de<\/a> sind urheberrechtlich gesch\u00fctzt. Die Vervielf\u00e4ltigung, \u00dcbernahme oder Ver\u00f6ffentlichung der Inhalte in anderen elektronischen oder gedruckten Publikationen, ist ohne meine ausdr\u00fcckliche Zustimmung nicht gestattet.<\/p>\n<h3>Haftung:<\/h3>\n<p>Trotz sorgf\u00e4ltiger inhaltlicher Kontrolle, \u00fcbernehme ich keine Haftung f\u00fcr die Inhalte externer Links. F\u00fcr den Inhalt der verlinkten Seiten sind ausschlie\u00dflich deren Betreiber verantwortlich.<\/p>\n<h3>Internetauftritt:<\/h3>\n<p>Kira Emily El-Harake, Britta Lange El-Harake<\/p>\n<hr>\n<h3><span style=\"color: #e6c882;\">LINKS<\/span><\/h3>\n<p><a href=\"http:\/\/www.alsterart.de\">ALSTERART<\/a><\/p>\n<p><a href=\"http:\/\/www.altonale.de\">ALTONALE<\/a><\/p>\n<p><a href=\"http:\/\/www.altonale.de\">BBK<\/a><\/p>\n<p><a href=\"http:\/\/www.malerschule-deck2.de\">DECK 2<\/a><\/p>\n<p><a href=\"http:\/\/www.peschke-art.de\">JOCHEN PESCHKE<\/a><\/p>\n<p><a href=\"http:\/\/www.rahmenkunst-ottensen.de\">RAHMENKUNST OTTENSEN GmbH<\/a><\/p>\n<p><a href=\"http:\/\/www.vhs-buxtehude.de\">VHS Buxtehude<\/a><\/p>\n<p><a href=\"http:\/\/www.kunstvereinstade.de\">KUNSTVEREIN STADE<\/a><\/p>\n<p><a href=\"http:\/\/www.si-club-buxtehude.de\">SOROPTIMISTEN BUXTEHUDE<\/a><\/p>\n<p><a href=\"http:\/\/www.sandrarommersbach.de\">SANDRA ROMMERSBACH<\/a><\/p>\n<p>&nbsp;<\/p>\n","protected":false},"excerpt":{"rendered":"<p>IMPRESSUM Kontaktdaten: Britta Lange K\u00fcnstlerin Finkenstr. 21 21614 Buxtehude Telefon: 04161-768221 info@brittalange.de www.brittalange.de Urheberrecht: Alle Inhalte der Domain www.brittalange.de sind urheberrechtlich gesch\u00fctzt. Die Vervielf\u00e4ltigung, \u00dcbernahme oder Ver\u00f6ffentlichung der Inhalte in anderen elektronischen oder gedruckten Publikationen, ist ohne meine ausdr\u00fcckliche Zustimmung nicht gestattet. Haftung: Trotz sorgf\u00e4ltiger inhaltlicher Kontrolle, \u00fcbernehme ich keine Haftung f\u00fcr die Inhalte externer &hellip; <\/p>\n<p class=\"link-more\"><a href=\"https:\/\/brittalange.de\/?page_id=19\" class=\"more-link\"><span class=\"screen-reader-text\">\u201eKontakt\u201c<\/span> weiterlesen<\/a><\/p>\n","protected":false},"author":1,"featured_media":0,"parent":0,"menu_order":0,"comment_status":"closed","ping_status":"closed","template":"","meta":{"ngg_post_thumbnail":0,"footnotes":""},"class_list":["post-19","page","type-page","status-publish","hentry"],"yoast_head":"<!-- This site is optimized with the Yoast SEO plugin v24.2 - https:\/\/yoast.com\/wordpress\/plugins\/seo\/ -->\n<title>Kontakt - Britta Lange<\/title>\n<meta name=\"robots\" content=\"index, follow, max-snippet:-1, max-image-preview:large, max-video-preview:-1\" \/>\n<link rel=\"canonical\" href=\"https:\/\/brittalange.de\/?page_id=19\" \/>\n<meta property=\"og:locale\" content=\"de_DE\" \/>\n<meta property=\"og:type\" content=\"article\" \/>\n<meta property=\"og:title\" content=\"Kontakt - Britta Lange\" \/>\n<meta property=\"og:description\" content=\"IMPRESSUM Kontaktdaten: Britta Lange K\u00fcnstlerin Finkenstr. 21 21614 Buxtehude Telefon: 04161-768221 info@brittalange.de www.brittalange.de Urheberrecht: Alle Inhalte der Domain www.brittalange.de sind urheberrechtlich gesch\u00fctzt. Die Vervielf\u00e4ltigung, \u00dcbernahme oder Ver\u00f6ffentlichung der Inhalte in anderen elektronischen oder gedruckten Publikationen, ist ohne meine ausdr\u00fcckliche Zustimmung nicht gestattet. Haftung: Trotz sorgf\u00e4ltiger inhaltlicher Kontrolle, \u00fcbernehme ich keine Haftung f\u00fcr die Inhalte externer &hellip; \u201eKontakt\u201c weiterlesen\" \/>\n<meta property=\"og:url\" content=\"https:\/\/brittalange.de\/?page_id=19\" \/>\n<meta property=\"og:site_name\" content=\"Britta Lange\" \/>\n<meta property=\"article:modified_time\" content=\"2022-06-06T13:14:53+00:00\" \/>\n<meta name=\"twitter:card\" content=\"summary_large_image\" \/>\n<meta name=\"twitter:label1\" content=\"Gesch\u00e4tzte Lesezeit\" \/>\n\t<meta name=\"twitter:data1\" content=\"1\u00a0Minute\" \/>\n<script type=\"application\/ld+json\" class=\"yoast-schema-graph\">{\"@context\":\"https:\/\/schema.org\",\"@graph\":[{\"@type\":\"WebPage\",\"@id\":\"https:\/\/brittalange.de\/?page_id=19\",\"url\":\"https:\/\/brittalange.de\/?page_id=19\",\"name\":\"Kontakt - Britta Lange\",\"isPartOf\":{\"@id\":\"https:\/\/brittalange.de\/#website\"},\"datePublished\":\"2018-01-04T12:04:52+00:00\",\"dateModified\":\"2022-06-06T13:14:53+00:00\",\"breadcrumb\":{\"@id\":\"https:\/\/brittalange.de\/?page_id=19#breadcrumb\"},\"inLanguage\":\"de\",\"potentialAction\":[{\"@type\":\"ReadAction\",\"target\":[\"https:\/\/brittalange.de\/?page_id=19\"]}]},{\"@type\":\"BreadcrumbList\",\"@id\":\"https:\/\/brittalange.de\/?page_id=19#breadcrumb\",\"itemListElement\":[{\"@type\":\"ListItem\",\"position\":1,\"name\":\"Startseite\",\"item\":\"https:\/\/brittalange.de\/\"},{\"@type\":\"ListItem\",\"position\":2,\"name\":\"Kontakt\"}]},{\"@type\":\"WebSite\",\"@id\":\"https:\/\/brittalange.de\/#website\",\"url\":\"https:\/\/brittalange.de\/\",\"name\":\"Britta Lange\",\"description\":\"K\u00fcnstlerin\",\"publisher\":{\"@id\":\"https:\/\/brittalange.de\/#organization\"},\"potentialAction\":[{\"@type\":\"SearchAction\",\"target\":{\"@type\":\"EntryPoint\",\"urlTemplate\":\"https:\/\/brittalange.de\/?s={search_term_string}\"},\"query-input\":{\"@type\":\"PropertyValueSpecification\",\"valueRequired\":true,\"valueName\":\"search_term_string\"}}],\"inLanguage\":\"de\"},{\"@type\":\"Organization\",\"@id\":\"https:\/\/brittalange.de\/#organization\",\"name\":\"Britta Lange\",\"url\":\"https:\/\/brittalange.de\/\",\"logo\":{\"@type\":\"ImageObject\",\"inLanguage\":\"de\",\"@id\":\"https:\/\/brittalange.de\/#\/schema\/logo\/image\/\",\"url\":\"https:\/\/brittalange.de\/wp-content\/uploads\/2018\/08\/cropped-Logo_BL_ArtDG.png\",\"contentUrl\":\"https:\/\/brittalange.de\/wp-content\/uploads\/2018\/08\/cropped-Logo_BL_ArtDG.png\",\"width\":431,\"height\":250,\"caption\":\"Britta Lange\"},\"image\":{\"@id\":\"https:\/\/brittalange.de\/#\/schema\/logo\/image\/\"}}]}<\/script>\n<!-- \/ Yoast SEO plugin. -->","yoast_head_json":{"title":"Kontakt - Britta Lange","robots":{"index":"index","follow":"follow","max-snippet":"max-snippet:-1","max-image-preview":"max-image-preview:large","max-video-preview":"max-video-preview:-1"},"canonical":"https:\/\/brittalange.de\/?page_id=19","og_locale":"de_DE","og_type":"article","og_title":"Kontakt - Britta Lange","og_description":"IMPRESSUM Kontaktdaten: Britta Lange K\u00fcnstlerin Finkenstr. 21 21614 Buxtehude Telefon: 04161-768221 info@brittalange.de www.brittalange.de Urheberrecht: Alle Inhalte der Domain www.brittalange.de sind urheberrechtlich gesch\u00fctzt. Die Vervielf\u00e4ltigung, \u00dcbernahme oder Ver\u00f6ffentlichung der Inhalte in anderen elektronischen oder gedruckten Publikationen, ist ohne meine ausdr\u00fcckliche Zustimmung nicht gestattet. Haftung: Trotz sorgf\u00e4ltiger inhaltlicher Kontrolle, \u00fcbernehme ich keine Haftung f\u00fcr die Inhalte externer &hellip; \u201eKontakt\u201c weiterlesen","og_url":"https:\/\/brittalange.de\/?page_id=19","og_site_name":"Britta Lange","article_modified_time":"2022-06-06T13:14:53+00:00","twitter_card":"summary_large_image","twitter_misc":{"Gesch\u00e4tzte Lesezeit":"1\u00a0Minute"},"schema":{"@context":"https:\/\/schema.org","@graph":[{"@type":"WebPage","@id":"https:\/\/brittalange.de\/?page_id=19","url":"https:\/\/brittalange.de\/?page_id=19","name":"Kontakt - Britta Lange","isPartOf":{"@id":"https:\/\/brittalange.de\/#website"},"datePublished":"2018-01-04T12:04:52+00:00","dateModified":"2022-06-06T13:14:53+00:00","breadcrumb":{"@id":"https:\/\/brittalange.de\/?page_id=19#breadcrumb"},"inLanguage":"de","potentialAction":[{"@type":"ReadAction","target":["https:\/\/brittalange.de\/?page_id=19"]}]},{"@type":"BreadcrumbList","@id":"https:\/\/brittalange.de\/?page_id=19#breadcrumb","itemListElement":[{"@type":"ListItem","position":1,"name":"Startseite","item":"https:\/\/brittalange.de\/"},{"@type":"ListItem","position":2,"name":"Kontakt"}]},{"@type":"WebSite","@id":"https:\/\/brittalange.de\/#website","url":"https:\/\/brittalange.de\/","name":"Britta Lange","description":"K\u00fcnstlerin","publisher":{"@id":"https:\/\/brittalange.de\/#organization"},"potentialAction":[{"@type":"SearchAction","target":{"@type":"EntryPoint","urlTemplate":"https:\/\/brittalange.de\/?s={search_term_string}"},"query-input":{"@type":"PropertyValueSpecification","valueRequired":true,"valueName":"search_term_string"}}],"inLanguage":"de"},{"@type":"Organization","@id":"https:\/\/brittalange.de\/#organization","name":"Britta Lange","url":"https:\/\/brittalange.de\/","logo":{"@type":"ImageObject","inLanguage":"de","@id":"https:\/\/brittalange.de\/#\/schema\/logo\/image\/","url":"https:\/\/brittalange.de\/wp-content\/uploads\/2018\/08\/cropped-Logo_BL_ArtDG.png","contentUrl":"https:\/\/brittalange.de\/wp-content\/uploads\/2018\/08\/cropped-Logo_BL_ArtDG.png","width":431,"height":250,"caption":"Britta Lange"},"image":{"@id":"https:\/\/brittalange.de\/#\/schema\/logo\/image\/"}}]}},"jetpack_sharing_enabled":true,"_links":{"self":[{"href":"https:\/\/brittalange.de\/index.php?rest_route=\/wp\/v2\/pages\/19","targetHints":{"allow":["GET"]}}],"collection":[{"href":"https:\/\/brittalange.de\/index.php?rest_route=\/wp\/v2\/pages"}],"about":[{"href":"https:\/\/brittalange.de\/index.php?rest_route=\/wp\/v2\/types\/page"}],"author":[{"embeddable":true,"href":"https:\/\/brittalange.de\/index.php?rest_route=\/wp\/v2\/users\/1"}],"replies":[{"embeddable":true,"href":"https:\/\/brittalange.de\/index.php?rest_route=%2Fwp%2Fv2%2Fcomments&post=19"}],"version-history":[{"count":17,"href":"https:\/\/brittalange.de\/index.php?rest_route=\/wp\/v2\/pages\/19\/revisions"}],"predecessor-version":[{"id":1422,"href":"https:\/\/brittalange.de\/index.php?rest_route=\/wp\/v2\/pages\/19\/revisions\/1422"}],"wp:attachment":[{"href":"https:\/\/brittalange.de\/index.php?rest_route=%2Fwp%2Fv2%2Fmedia&parent=19"}],"curies":[{"name":"wp","href":"https:\/\/api.w.org\/{rel}","templated":true}]}}