{"id":257,"date":"2018-01-05T15:25:56","date_gmt":"2018-01-05T15:25:56","guid":{"rendered":"http:\/\/brittalange.de\/?page_id=257"},"modified":"2026-02-20T15:11:49","modified_gmt":"2026-02-20T15:11:49","slug":"workshops-ausstellungen","status":"publish","type":"page","link":"https:\/\/brittalange.de\/?page_id=257","title":{"rendered":"Ausstellungen"},"content":{"rendered":"\t\t<div data-elementor-type=\"wp-page\" data-elementor-id=\"257\" class=\"elementor elementor-257\">\n\t\t\t\t\t\t<section class=\"elementor-section elementor-top-section elementor-element elementor-element-40c3980 elementor-section-boxed elementor-section-height-default elementor-section-height-default\" data-id=\"40c3980\" data-element_type=\"section\">\n\t\t\t\t\t\t<div class=\"elementor-container elementor-column-gap-default\">\n\t\t\t\t\t<div class=\"elementor-column elementor-col-100 elementor-top-column elementor-element elementor-element-93ce649\" data-id=\"93ce649\" data-element_type=\"column\">\n\t\t\t<div class=\"elementor-widget-wrap elementor-element-populated\">\n\t\t\t\t\t\t<div class=\"elementor-element elementor-element-573cead elementor-widget elementor-widget-heading\" data-id=\"573cead\" data-element_type=\"widget\" data-widget_type=\"heading.default\">\n\t\t\t\t<div class=\"elementor-widget-container\">\n\t\t\t\t\t<h2 class=\"elementor-heading-title elementor-size-default\"><span><span><strong>AUSSTELLUNGEN&nbsp;<\/strong><\/span><\/span><\/h2>\t\t\t\t<\/div>\n\t\t\t\t<\/div>\n\t\t\t\t\t<\/div>\n\t\t<\/div>\n\t\t\t\t\t<\/div>\n\t\t<\/section>\n\t\t\t\t<section class=\"elementor-section elementor-top-section elementor-element elementor-element-17c2727 elementor-section-boxed elementor-section-height-default elementor-section-height-default\" data-id=\"17c2727\" data-element_type=\"section\">\n\t\t\t\t\t\t<div class=\"elementor-container elementor-column-gap-default\">\n\t\t\t\t\t<div class=\"elementor-column elementor-col-100 elementor-top-column elementor-element elementor-element-8862955\" data-id=\"8862955\" data-element_type=\"column\">\n\t\t\t<div class=\"elementor-widget-wrap elementor-element-populated\">\n\t\t\t\t\t\t<div class=\"elementor-element elementor-element-c20154c elementor-arrows-position-inside elementor-pagination-position-outside elementor-widget elementor-widget-image-carousel\" data-id=\"c20154c\" data-element_type=\"widget\" data-settings=\"{&quot;navigation&quot;:&quot;both&quot;,&quot;autoplay&quot;:&quot;yes&quot;,&quot;pause_on_hover&quot;:&quot;yes&quot;,&quot;pause_on_interaction&quot;:&quot;yes&quot;,&quot;autoplay_speed&quot;:5000,&quot;infinite&quot;:&quot;yes&quot;,&quot;speed&quot;:500}\" data-widget_type=\"image-carousel.default\">\n\t\t\t\t<div class=\"elementor-widget-container\">\n\t\t\t\t\t\t\t<div class=\"elementor-image-carousel-wrapper swiper\" role=\"region\" aria-roledescription=\"carousel\" aria-label=\"Bild Karussell\" dir=\"ltr\">\n\t\t\t<div class=\"elementor-image-carousel swiper-wrapper\" aria-live=\"off\">\n\t\t\t\t\t\t\t\t<div class=\"swiper-slide\" role=\"group\" aria-roledescription=\"slide\" aria-label=\"1 von 5\"><figure class=\"swiper-slide-inner\"><img decoding=\"async\" class=\"swiper-slide-image\" src=\"https:\/\/brittalange.de\/wp-content\/uploads\/2019\/09\/IMG_4236-1-150x150.jpg\" alt=\"IMG_4236\" \/><\/figure><\/div><div class=\"swiper-slide\" role=\"group\" aria-roledescription=\"slide\" aria-label=\"2 von 5\"><figure class=\"swiper-slide-inner\"><img decoding=\"async\" class=\"swiper-slide-image\" src=\"https:\/\/brittalange.de\/wp-content\/uploads\/2019\/09\/IMG_4243-150x150.jpg\" alt=\"IMG_4243\" \/><\/figure><\/div><div class=\"swiper-slide\" role=\"group\" aria-roledescription=\"slide\" aria-label=\"3 von 5\"><figure class=\"swiper-slide-inner\"><img decoding=\"async\" class=\"swiper-slide-image\" src=\"https:\/\/brittalange.de\/wp-content\/uploads\/2019\/11\/IMG_5638-1-150x150.jpg\" alt=\"IMG_5638-1\" \/><\/figure><\/div><div class=\"swiper-slide\" role=\"group\" aria-roledescription=\"slide\" aria-label=\"4 von 5\"><figure class=\"swiper-slide-inner\"><img decoding=\"async\" class=\"swiper-slide-image\" src=\"https:\/\/brittalange.de\/wp-content\/uploads\/2020\/03\/IMG_5225-150x150.jpg\" alt=\"IMG_5225\" \/><\/figure><\/div><div class=\"swiper-slide\" role=\"group\" aria-roledescription=\"slide\" aria-label=\"5 von 5\"><figure class=\"swiper-slide-inner\"><img decoding=\"async\" class=\"swiper-slide-image\" src=\"https:\/\/brittalange.de\/wp-content\/uploads\/2020\/03\/Auss_saurw0320_3-150x150.jpg\" alt=\"Bei Schwarz auf Wei\u00df\" \/><\/figure><\/div>\t\t\t<\/div>\n\t\t\t\t\t\t\t\t\t\t\t\t<div class=\"elementor-swiper-button elementor-swiper-button-prev\" role=\"button\" tabindex=\"0\">\n\t\t\t\t\t\t<i aria-hidden=\"true\" class=\"eicon-chevron-left\"><\/i>\t\t\t\t\t<\/div>\n\t\t\t\t\t<div class=\"elementor-swiper-button elementor-swiper-button-next\" role=\"button\" tabindex=\"0\">\n\t\t\t\t\t\t<i aria-hidden=\"true\" class=\"eicon-chevron-right\"><\/i>\t\t\t\t\t<\/div>\n\t\t\t\t\n\t\t\t\t\t\t\t\t\t<div class=\"swiper-pagination\"><\/div>\n\t\t\t\t\t\t\t\t\t<\/div>\n\t\t\t\t\t\t<\/div>\n\t\t\t\t<\/div>\n\t\t\t\t\t<\/div>\n\t\t<\/div>\n\t\t\t\t\t<\/div>\n\t\t<\/section>\n\t\t\t\t<section class=\"elementor-section elementor-top-section elementor-element elementor-element-f64480c elementor-section-boxed elementor-section-height-default elementor-section-height-default\" data-id=\"f64480c\" data-element_type=\"section\">\n\t\t\t\t\t\t<div class=\"elementor-container elementor-column-gap-default\">\n\t\t\t\t\t<div class=\"elementor-column elementor-col-100 elementor-top-column elementor-element elementor-element-e715d7f\" data-id=\"e715d7f\" data-element_type=\"column\">\n\t\t\t<div class=\"elementor-widget-wrap elementor-element-populated\">\n\t\t\t\t\t\t<div class=\"elementor-element elementor-element-8331e83 elementor-widget elementor-widget-heading\" data-id=\"8331e83\" data-element_type=\"widget\" data-widget_type=\"heading.default\">\n\t\t\t\t<div class=\"elementor-widget-container\">\n\t\t\t\t\t<h2 class=\"elementor-heading-title elementor-size-default\">2026<br><\/h2>\t\t\t\t<\/div>\n\t\t\t\t<\/div>\n\t\t\t\t<div class=\"elementor-element elementor-element-e84f8af elementor-widget elementor-widget-toggle\" data-id=\"e84f8af\" data-element_type=\"widget\" data-widget_type=\"toggle.default\">\n\t\t\t\t<div class=\"elementor-widget-container\">\n\t\t\t\t\t\t\t<div class=\"elementor-toggle\">\n\t\t\t\t\t\t\t<div class=\"elementor-toggle-item\">\n\t\t\t\t\t<h3 id=\"elementor-tab-title-2431\" class=\"elementor-tab-title\" data-tab=\"1\" role=\"button\" aria-controls=\"elementor-tab-content-2431\" aria-expanded=\"false\">\n\t\t\t\t\t\t\t\t\t\t\t\t<span class=\"elementor-toggle-icon elementor-toggle-icon-left\" aria-hidden=\"true\">\n\t\t\t\t\t\t\t\t\t\t\t\t\t\t\t<span class=\"elementor-toggle-icon-closed\"><i class=\"fas fa-caret-right\"><\/i><\/span>\n\t\t\t\t\t\t\t\t<span class=\"elementor-toggle-icon-opened\"><i class=\"elementor-toggle-icon-opened fas fa-caret-up\"><\/i><\/span>\n\t\t\t\t\t\t\t\t\t\t\t\t\t<\/span>\n\t\t\t\t\t\t\t\t\t\t\t\t<a class=\"elementor-toggle-title\" tabindex=\"0\">Ausstellung UM:DRUCK<\/a>\n\t\t\t\t\t<\/h3>\n\n\t\t\t\t\t<div id=\"elementor-tab-content-2431\" class=\"elementor-tab-content elementor-clearfix\" data-tab=\"1\" role=\"region\" aria-labelledby=\"elementor-tab-title-2431\"><h4><b style=\"color: #ffffff; font-family: var( --e-global-typography-text-font-family ), Sans-serif; font-size: 1rem;\">Mit Heike K\u00fcster &amp; Britta Lange<\/b><\/h4>\n<p><b>Zeitraum: 01.03.\u201305.04.2026<br><\/b><b>Ort: Marschtorzwinger, Liebfrauenkirchhof, Buxtehude<br><\/b><\/p>\n<h4><b>Kooperation mit OPEN PRINT EXCHANGE<\/b><\/h4>\n<h4><u><b style=\"font-size: 1.125rem; font-family: var( --e-global-typography-text-font-family ), Sans-serif;\">Vernissage&nbsp;<\/b><b style=\"font-size: 1.125rem; font-family: var( --e-global-typography-text-font-family ), Sans-serif;\">Sa, 28.02.2026 \u00b7 15 Uhr&nbsp;<\/b><\/u><\/h4>\n<h4><b style=\"font-size: 1.125rem; font-family: var( --e-global-typography-text-font-family ), Sans-serif;\">Er\u00f6ffnung: B\u00fcrgermeisterin Katja Oldenburg-Schmidt&nbsp;<\/b><b style=\"font-size: 1.125rem; font-family: var( --e-global-typography-text-font-family ), Sans-serif;\">Einf\u00fchrung: Christoph Goritz&nbsp;<\/b><b style=\"font-size: 1.125rem; font-family: var( --e-global-typography-text-font-family ), Sans-serif;\">Musik: Uwe Kamrad (Gitarre &amp; Loop Artist)<\/b><\/h4><\/div>\n\t\t\t\t<\/div>\n\t\t\t\t\t\t\t<div class=\"elementor-toggle-item\">\n\t\t\t\t\t<h3 id=\"elementor-tab-title-2432\" class=\"elementor-tab-title\" data-tab=\"2\" role=\"button\" aria-controls=\"elementor-tab-content-2432\" aria-expanded=\"false\">\n\t\t\t\t\t\t\t\t\t\t\t\t<span class=\"elementor-toggle-icon elementor-toggle-icon-left\" aria-hidden=\"true\">\n\t\t\t\t\t\t\t\t\t\t\t\t\t\t\t<span class=\"elementor-toggle-icon-closed\"><i class=\"fas fa-caret-right\"><\/i><\/span>\n\t\t\t\t\t\t\t\t<span class=\"elementor-toggle-icon-opened\"><i class=\"elementor-toggle-icon-opened fas fa-caret-up\"><\/i><\/span>\n\t\t\t\t\t\t\t\t\t\t\t\t\t<\/span>\n\t\t\t\t\t\t\t\t\t\t\t\t<a class=\"elementor-toggle-title\" tabindex=\"0\">Jahresausstellung des BBK <\/a>\n\t\t\t\t\t<\/h3>\n\n\t\t\t\t\t<div id=\"elementor-tab-content-2432\" class=\"elementor-tab-content elementor-clearfix\" data-tab=\"2\" role=\"region\" aria-labelledby=\"elementor-tab-title-2432\"><p><strong>Jahresaustellung BBK (Bund Bildender K\u00fcnstler:innen)<\/strong><br \/>Vernissage ist am 08. August im Marschtorzwinger\u00a0<\/p><\/div>\n\t\t\t\t<\/div>\n\t\t\t\t\t\t\t<div class=\"elementor-toggle-item\">\n\t\t\t\t\t<h3 id=\"elementor-tab-title-2433\" class=\"elementor-tab-title\" data-tab=\"3\" role=\"button\" aria-controls=\"elementor-tab-content-2433\" aria-expanded=\"false\">\n\t\t\t\t\t\t\t\t\t\t\t\t<span class=\"elementor-toggle-icon elementor-toggle-icon-left\" aria-hidden=\"true\">\n\t\t\t\t\t\t\t\t\t\t\t\t\t\t\t<span class=\"elementor-toggle-icon-closed\"><i class=\"fas fa-caret-right\"><\/i><\/span>\n\t\t\t\t\t\t\t\t<span class=\"elementor-toggle-icon-opened\"><i class=\"elementor-toggle-icon-opened fas fa-caret-up\"><\/i><\/span>\n\t\t\t\t\t\t\t\t\t\t\t\t\t<\/span>\n\t\t\t\t\t\t\t\t\t\t\t\t<a class=\"elementor-toggle-title\" tabindex=\"0\">5. Kunstmarkt im Atelier Elena F. K\u00fchn in Jork<\/a>\n\t\t\t\t\t<\/h3>\n\n\t\t\t\t\t<div id=\"elementor-tab-content-2433\" class=\"elementor-tab-content elementor-clearfix\" data-tab=\"3\" role=\"region\" aria-labelledby=\"elementor-tab-title-2433\"><p class=\"p1\">Vorweihnachtliche Verkaufsausstellung im Atelier Elena F. K\u00fchn mit f\u00fcnf ans\u00e4ssigen K\u00fcnstlerinnen und Kunsthandwerkerinnen<\/p><p class=\"p1\">Schmuckdesign \u00b7 Illustration \u00b7 Malerei \u00b7 Druckkunst \u00b7 Webkunst<\/p><p class=\"p1\">St\u00f6bern bei Kaffee und selbstgebackenem Kuchen<\/p><p class=\"p1\">Termine werden noch bekannt gegeben<\/p><p class=\"p1\">Atelier &amp; Akademie Elena F. K\u00fchn \u00b7 Sch\u00fctzenhofstra\u00dfe 9 und 13, Jork<\/p><\/div>\n\t\t\t\t<\/div>\n\t\t\t\t\t\t\t\t<\/div>\n\t\t\t\t\t\t<\/div>\n\t\t\t\t<\/div>\n\t\t\t\t\t<\/div>\n\t\t<\/div>\n\t\t\t\t\t<\/div>\n\t\t<\/section>\n\t\t\t\t<\/div>\n\t\t","protected":false},"excerpt":{"rendered":"<p>AUSSTELLUNGEN&nbsp; 2026 Ausstellung UM:DRUCK Mit Heike K\u00fcster &amp; Britta Lange Zeitraum: 01.03.\u201305.04.2026Ort: Marschtorzwinger, Liebfrauenkirchhof, Buxtehude Kooperation mit OPEN PRINT EXCHANGE Vernissage&nbsp;Sa, 28.02.2026 \u00b7 15 Uhr&nbsp; Er\u00f6ffnung: B\u00fcrgermeisterin Katja Oldenburg-Schmidt&nbsp;Einf\u00fchrung: Christoph Goritz&nbsp;Musik: Uwe Kamrad (Gitarre &amp; Loop Artist) Jahresausstellung des BBK Jahresaustellung BBK (Bund Bildender K\u00fcnstler:innen)Vernissage ist am 08. August im Marschtorzwinger\u00a0 5. Kunstmarkt im Atelier &hellip; <\/p>\n<p class=\"link-more\"><a href=\"https:\/\/brittalange.de\/?page_id=257\" class=\"more-link\"><span class=\"screen-reader-text\">\u201eAusstellungen\u201c<\/span> weiterlesen<\/a><\/p>\n","protected":false},"author":1,"featured_media":0,"parent":0,"menu_order":0,"comment_status":"closed","ping_status":"closed","template":"","meta":{"ngg_post_thumbnail":0,"footnotes":""},"class_list":["post-257","page","type-page","status-publish","hentry"],"yoast_head":"<!-- This site is optimized with the Yoast SEO plugin v24.2 - https:\/\/yoast.com\/wordpress\/plugins\/seo\/ -->\n<title>Ausstellungen - Britta Lange<\/title>\n<meta name=\"robots\" content=\"index, follow, max-snippet:-1, max-image-preview:large, max-video-preview:-1\" \/>\n<link rel=\"canonical\" href=\"https:\/\/brittalange.de\/?page_id=257\" \/>\n<meta property=\"og:locale\" content=\"de_DE\" \/>\n<meta property=\"og:type\" content=\"article\" \/>\n<meta property=\"og:title\" content=\"Ausstellungen - Britta Lange\" \/>\n<meta property=\"og:description\" content=\"AUSSTELLUNGEN&nbsp; 2026 Ausstellung UM:DRUCK Mit Heike K\u00fcster &amp; Britta Lange Zeitraum: 01.03.\u201305.04.2026Ort: Marschtorzwinger, Liebfrauenkirchhof, Buxtehude Kooperation mit OPEN PRINT EXCHANGE Vernissage&nbsp;Sa, 28.02.2026 \u00b7 15 Uhr&nbsp; Er\u00f6ffnung: B\u00fcrgermeisterin Katja Oldenburg-Schmidt&nbsp;Einf\u00fchrung: Christoph Goritz&nbsp;Musik: Uwe Kamrad (Gitarre &amp; Loop Artist) Jahresausstellung des BBK Jahresaustellung BBK (Bund Bildender K\u00fcnstler:innen)Vernissage ist am 08. August im Marschtorzwinger\u00a0 5. Kunstmarkt im Atelier &hellip; \u201eAusstellungen\u201c weiterlesen\" \/>\n<meta property=\"og:url\" content=\"https:\/\/brittalange.de\/?page_id=257\" \/>\n<meta property=\"og:site_name\" content=\"Britta Lange\" \/>\n<meta property=\"article:modified_time\" content=\"2026-02-20T15:11:49+00:00\" \/>\n<meta property=\"og:image\" content=\"https:\/\/brittalange.de\/wp-content\/uploads\/2019\/09\/IMG_4236-1-150x150.jpg\" \/>\n<meta name=\"twitter:card\" content=\"summary_large_image\" \/>\n<meta name=\"twitter:label1\" content=\"Gesch\u00e4tzte Lesezeit\" \/>\n\t<meta name=\"twitter:data1\" content=\"3\u00a0Minuten\" \/>\n<script type=\"application\/ld+json\" class=\"yoast-schema-graph\">{\"@context\":\"https:\/\/schema.org\",\"@graph\":[{\"@type\":\"WebPage\",\"@id\":\"https:\/\/brittalange.de\/?page_id=257\",\"url\":\"https:\/\/brittalange.de\/?page_id=257\",\"name\":\"Ausstellungen - Britta Lange\",\"isPartOf\":{\"@id\":\"https:\/\/brittalange.de\/#website\"},\"primaryImageOfPage\":{\"@id\":\"https:\/\/brittalange.de\/?page_id=257#primaryimage\"},\"image\":{\"@id\":\"https:\/\/brittalange.de\/?page_id=257#primaryimage\"},\"thumbnailUrl\":\"https:\/\/brittalange.de\/wp-content\/uploads\/2019\/09\/IMG_4236-1-150x150.jpg\",\"datePublished\":\"2018-01-05T15:25:56+00:00\",\"dateModified\":\"2026-02-20T15:11:49+00:00\",\"breadcrumb\":{\"@id\":\"https:\/\/brittalange.de\/?page_id=257#breadcrumb\"},\"inLanguage\":\"de\",\"potentialAction\":[{\"@type\":\"ReadAction\",\"target\":[\"https:\/\/brittalange.de\/?page_id=257\"]}]},{\"@type\":\"ImageObject\",\"inLanguage\":\"de\",\"@id\":\"https:\/\/brittalange.de\/?page_id=257#primaryimage\",\"url\":\"https:\/\/brittalange.de\/wp-content\/uploads\/2019\/09\/IMG_4236-1.jpg\",\"contentUrl\":\"https:\/\/brittalange.de\/wp-content\/uploads\/2019\/09\/IMG_4236-1.jpg\",\"width\":480,\"height\":640},{\"@type\":\"BreadcrumbList\",\"@id\":\"https:\/\/brittalange.de\/?page_id=257#breadcrumb\",\"itemListElement\":[{\"@type\":\"ListItem\",\"position\":1,\"name\":\"Startseite\",\"item\":\"https:\/\/brittalange.de\/\"},{\"@type\":\"ListItem\",\"position\":2,\"name\":\"Ausstellungen\"}]},{\"@type\":\"WebSite\",\"@id\":\"https:\/\/brittalange.de\/#website\",\"url\":\"https:\/\/brittalange.de\/\",\"name\":\"Britta Lange\",\"description\":\"K\u00fcnstlerin\",\"publisher\":{\"@id\":\"https:\/\/brittalange.de\/#organization\"},\"potentialAction\":[{\"@type\":\"SearchAction\",\"target\":{\"@type\":\"EntryPoint\",\"urlTemplate\":\"https:\/\/brittalange.de\/?s={search_term_string}\"},\"query-input\":{\"@type\":\"PropertyValueSpecification\",\"valueRequired\":true,\"valueName\":\"search_term_string\"}}],\"inLanguage\":\"de\"},{\"@type\":\"Organization\",\"@id\":\"https:\/\/brittalange.de\/#organization\",\"name\":\"Britta Lange\",\"url\":\"https:\/\/brittalange.de\/\",\"logo\":{\"@type\":\"ImageObject\",\"inLanguage\":\"de\",\"@id\":\"https:\/\/brittalange.de\/#\/schema\/logo\/image\/\",\"url\":\"https:\/\/brittalange.de\/wp-content\/uploads\/2018\/08\/cropped-Logo_BL_ArtDG.png\",\"contentUrl\":\"https:\/\/brittalange.de\/wp-content\/uploads\/2018\/08\/cropped-Logo_BL_ArtDG.png\",\"width\":431,\"height\":250,\"caption\":\"Britta Lange\"},\"image\":{\"@id\":\"https:\/\/brittalange.de\/#\/schema\/logo\/image\/\"}}]}<\/script>\n<!-- \/ Yoast SEO plugin. -->","yoast_head_json":{"title":"Ausstellungen - Britta Lange","robots":{"index":"index","follow":"follow","max-snippet":"max-snippet:-1","max-image-preview":"max-image-preview:large","max-video-preview":"max-video-preview:-1"},"canonical":"https:\/\/brittalange.de\/?page_id=257","og_locale":"de_DE","og_type":"article","og_title":"Ausstellungen - Britta Lange","og_description":"AUSSTELLUNGEN&nbsp; 2026 Ausstellung UM:DRUCK Mit Heike K\u00fcster &amp; Britta Lange Zeitraum: 01.03.\u201305.04.2026Ort: Marschtorzwinger, Liebfrauenkirchhof, Buxtehude Kooperation mit OPEN PRINT EXCHANGE Vernissage&nbsp;Sa, 28.02.2026 \u00b7 15 Uhr&nbsp; Er\u00f6ffnung: B\u00fcrgermeisterin Katja Oldenburg-Schmidt&nbsp;Einf\u00fchrung: Christoph Goritz&nbsp;Musik: Uwe Kamrad (Gitarre &amp; Loop Artist) Jahresausstellung des BBK Jahresaustellung BBK (Bund Bildender K\u00fcnstler:innen)Vernissage ist am 08. August im Marschtorzwinger\u00a0 5. Kunstmarkt im Atelier &hellip; \u201eAusstellungen\u201c weiterlesen","og_url":"https:\/\/brittalange.de\/?page_id=257","og_site_name":"Britta Lange","article_modified_time":"2026-02-20T15:11:49+00:00","og_image":[{"url":"https:\/\/brittalange.de\/wp-content\/uploads\/2019\/09\/IMG_4236-1-150x150.jpg","type":"","width":"","height":""}],"twitter_card":"summary_large_image","twitter_misc":{"Gesch\u00e4tzte Lesezeit":"3\u00a0Minuten"},"schema":{"@context":"https:\/\/schema.org","@graph":[{"@type":"WebPage","@id":"https:\/\/brittalange.de\/?page_id=257","url":"https:\/\/brittalange.de\/?page_id=257","name":"Ausstellungen - Britta Lange","isPartOf":{"@id":"https:\/\/brittalange.de\/#website"},"primaryImageOfPage":{"@id":"https:\/\/brittalange.de\/?page_id=257#primaryimage"},"image":{"@id":"https:\/\/brittalange.de\/?page_id=257#primaryimage"},"thumbnailUrl":"https:\/\/brittalange.de\/wp-content\/uploads\/2019\/09\/IMG_4236-1-150x150.jpg","datePublished":"2018-01-05T15:25:56+00:00","dateModified":"2026-02-20T15:11:49+00:00","breadcrumb":{"@id":"https:\/\/brittalange.de\/?page_id=257#breadcrumb"},"inLanguage":"de","potentialAction":[{"@type":"ReadAction","target":["https:\/\/brittalange.de\/?page_id=257"]}]},{"@type":"ImageObject","inLanguage":"de","@id":"https:\/\/brittalange.de\/?page_id=257#primaryimage","url":"https:\/\/brittalange.de\/wp-content\/uploads\/2019\/09\/IMG_4236-1.jpg","contentUrl":"https:\/\/brittalange.de\/wp-content\/uploads\/2019\/09\/IMG_4236-1.jpg","width":480,"height":640},{"@type":"BreadcrumbList","@id":"https:\/\/brittalange.de\/?page_id=257#breadcrumb","itemListElement":[{"@type":"ListItem","position":1,"name":"Startseite","item":"https:\/\/brittalange.de\/"},{"@type":"ListItem","position":2,"name":"Ausstellungen"}]},{"@type":"WebSite","@id":"https:\/\/brittalange.de\/#website","url":"https:\/\/brittalange.de\/","name":"Britta Lange","description":"K\u00fcnstlerin","publisher":{"@id":"https:\/\/brittalange.de\/#organization"},"potentialAction":[{"@type":"SearchAction","target":{"@type":"EntryPoint","urlTemplate":"https:\/\/brittalange.de\/?s={search_term_string}"},"query-input":{"@type":"PropertyValueSpecification","valueRequired":true,"valueName":"search_term_string"}}],"inLanguage":"de"},{"@type":"Organization","@id":"https:\/\/brittalange.de\/#organization","name":"Britta Lange","url":"https:\/\/brittalange.de\/","logo":{"@type":"ImageObject","inLanguage":"de","@id":"https:\/\/brittalange.de\/#\/schema\/logo\/image\/","url":"https:\/\/brittalange.de\/wp-content\/uploads\/2018\/08\/cropped-Logo_BL_ArtDG.png","contentUrl":"https:\/\/brittalange.de\/wp-content\/uploads\/2018\/08\/cropped-Logo_BL_ArtDG.png","width":431,"height":250,"caption":"Britta Lange"},"image":{"@id":"https:\/\/brittalange.de\/#\/schema\/logo\/image\/"}}]}},"jetpack_sharing_enabled":true,"_links":{"self":[{"href":"https:\/\/brittalange.de\/index.php?rest_route=\/wp\/v2\/pages\/257","targetHints":{"allow":["GET"]}}],"collection":[{"href":"https:\/\/brittalange.de\/index.php?rest_route=\/wp\/v2\/pages"}],"about":[{"href":"https:\/\/brittalange.de\/index.php?rest_route=\/wp\/v2\/types\/page"}],"author":[{"embeddable":true,"href":"https:\/\/brittalange.de\/index.php?rest_route=\/wp\/v2\/users\/1"}],"replies":[{"embeddable":true,"href":"https:\/\/brittalange.de\/index.php?rest_route=%2Fwp%2Fv2%2Fcomments&post=257"}],"version-history":[{"count":312,"href":"https:\/\/brittalange.de\/index.php?rest_route=\/wp\/v2\/pages\/257\/revisions"}],"predecessor-version":[{"id":3084,"href":"https:\/\/brittalange.de\/index.php?rest_route=\/wp\/v2\/pages\/257\/revisions\/3084"}],"wp:attachment":[{"href":"https:\/\/brittalange.de\/index.php?rest_route=%2Fwp%2Fv2%2Fmedia&parent=257"}],"curies":[{"name":"wp","href":"https:\/\/api.w.org\/{rel}","templated":true}]}}