{"id":379,"date":"2019-01-04T16:02:40","date_gmt":"2019-01-04T16:02:40","guid":{"rendered":"http:\/\/brittalange.de\/?page_id=379"},"modified":"2020-07-26T21:58:31","modified_gmt":"2020-07-26T21:58:31","slug":"radierung","status":"publish","type":"page","link":"https:\/\/brittalange.de\/?page_id=379","title":{"rendered":"Radierung"},"content":{"rendered":"\t\t<div data-elementor-type=\"wp-page\" data-elementor-id=\"379\" class=\"elementor elementor-379\">\n\t\t\t\t<section class=\"elementor-section elementor-top-section elementor-element elementor-element-33c87131 elementor-section-boxed elementor-section-height-default elementor-section-height-default\" data-id=\"33c87131\" data-element_type=\"section\">\n\t\t\t\t\t\t<div class=\"elementor-container elementor-column-gap-default\">\n\t\t\t\t\t<div class=\"elementor-column elementor-col-100 elementor-top-column elementor-element elementor-element-e99adaa\" data-id=\"e99adaa\" data-element_type=\"column\">\n\t\t\t<div class=\"elementor-widget-wrap elementor-element-populated\">\n\t\t\t\t\t\t<div class=\"elementor-element elementor-element-42cb6d77 elementor-widget elementor-widget-text-editor\" data-id=\"42cb6d77\" data-element_type=\"widget\" data-widget_type=\"text-editor.default\">\n\t\t\t\t<div class=\"elementor-widget-container\"><p>Radierung ist eines der \u00e4ltesten Tiefdruckverfahren der Welt. &nbsp;Ich verwende die Techniken Kaltnadel, Strich\u00e4tzung, Aquatinta und Vernis Mou. Meine Bilder werden zum Teil mit Aquarell koloriert.<\/p><h3 class=\"wp-block-heading\">Portraits<\/h3>ngg_shortcode_0_placeholder<h3 class=\"wp-block-heading\">M\u00e4rchen &amp; Gedichte<\/h3>ngg_shortcode_1_placeholder<h3>Sternzeichen<\/h3>\nngg_shortcode_2_placeholder\n<h3>Rundg\u00e4nge &amp; St\u00e4dte<\/h3>\nngg_shortcode_3_placeholder\n<h3>Tiere<\/h3>\nngg_shortcode_4_placeholder<p><br><\/p><p> <\/p><p><\/p><\/div>\n\t\t\t\t<\/div>\n\t\t\t\t\t<\/div>\n\t\t<\/div>\n\t\t\t\t\t<\/div>\n\t\t<\/section>\n\t\t\t\t<section class=\"elementor-section elementor-top-section elementor-element elementor-element-28ecb00 elementor-section-boxed elementor-section-height-default elementor-section-height-default\" data-id=\"28ecb00\" data-element_type=\"section\">\n\t\t\t\t\t\t<div class=\"elementor-container elementor-column-gap-default\">\n\t\t\t\t\t<div class=\"elementor-column elementor-col-100 elementor-top-column elementor-element elementor-element-1e03e8a\" data-id=\"1e03e8a\" data-element_type=\"column\">\n\t\t\t<div class=\"elementor-widget-wrap\">\n\t\t\t\t\t\t\t<\/div>\n\t\t<\/div>\n\t\t\t\t\t<\/div>\n\t\t<\/section>\t\t<\/div>\n\t\t","protected":false},"excerpt":{"rendered":"<p>Radierung ist eines der \u00e4ltesten Tiefdruckverfahren der Welt. &nbsp;Ich verwende die Techniken Kaltnadel, Strich\u00e4tzung, Aquatinta und Vernis Mou. Meine Bilder werden zum Teil mit Aquarell koloriert. Portraits M\u00e4rchen &amp; Gedichte Sternzeichen &#8220; order_by=&#8220;sortorder&#8220; order_direction=&#8220;ASC&#8220; returns=&#8220;included&#8220; maximum_entity_count=&#8220;500&#8243;] Rundg\u00e4nge &amp; St\u00e4dte Tiere<\/p>\n","protected":false},"author":1,"featured_media":0,"parent":15,"menu_order":0,"comment_status":"closed","ping_status":"closed","template":"","meta":{"ngg_post_thumbnail":0,"footnotes":""},"class_list":["post-379","page","type-page","status-publish","hentry"],"yoast_head":"<!-- This site is optimized with the Yoast SEO plugin v24.2 - https:\/\/yoast.com\/wordpress\/plugins\/seo\/ -->\n<title>Radierung - Britta Lange<\/title>\n<meta name=\"robots\" content=\"index, follow, max-snippet:-1, max-image-preview:large, max-video-preview:-1\" \/>\n<link rel=\"canonical\" href=\"https:\/\/brittalange.de\/?page_id=379\" \/>\n<meta property=\"og:locale\" content=\"de_DE\" \/>\n<meta property=\"og:type\" content=\"article\" \/>\n<meta property=\"og:title\" content=\"Radierung - Britta Lange\" \/>\n<meta property=\"og:description\" content=\"Radierung ist eines der \u00e4ltesten Tiefdruckverfahren der Welt. &nbsp;Ich verwende die Techniken Kaltnadel, Strich\u00e4tzung, Aquatinta und Vernis Mou. Meine Bilder werden zum Teil mit Aquarell koloriert. Portraits M\u00e4rchen &amp; Gedichte Sternzeichen &#8220; order_by=&#8220;sortorder&#8220; order_direction=&#8220;ASC&#8220; returns=&#8220;included&#8220; maximum_entity_count=&#8220;500&#8243;] Rundg\u00e4nge &amp; St\u00e4dte Tiere\" \/>\n<meta property=\"og:url\" content=\"https:\/\/brittalange.de\/?page_id=379\" \/>\n<meta property=\"og:site_name\" content=\"Britta Lange\" \/>\n<meta property=\"article:modified_time\" content=\"2020-07-26T21:58:31+00:00\" \/>\n<meta name=\"twitter:card\" content=\"summary_large_image\" \/>\n<meta name=\"twitter:label1\" content=\"Gesch\u00e4tzte Lesezeit\" \/>\n\t<meta name=\"twitter:data1\" content=\"1\u00a0Minute\" \/>\n<script type=\"application\/ld+json\" class=\"yoast-schema-graph\">{\"@context\":\"https:\/\/schema.org\",\"@graph\":[{\"@type\":\"WebPage\",\"@id\":\"https:\/\/brittalange.de\/?page_id=379\",\"url\":\"https:\/\/brittalange.de\/?page_id=379\",\"name\":\"Radierung - Britta Lange\",\"isPartOf\":{\"@id\":\"https:\/\/brittalange.de\/#website\"},\"datePublished\":\"2019-01-04T16:02:40+00:00\",\"dateModified\":\"2020-07-26T21:58:31+00:00\",\"breadcrumb\":{\"@id\":\"https:\/\/brittalange.de\/?page_id=379#breadcrumb\"},\"inLanguage\":\"de\",\"potentialAction\":[{\"@type\":\"ReadAction\",\"target\":[\"https:\/\/brittalange.de\/?page_id=379\"]}]},{\"@type\":\"BreadcrumbList\",\"@id\":\"https:\/\/brittalange.de\/?page_id=379#breadcrumb\",\"itemListElement\":[{\"@type\":\"ListItem\",\"position\":1,\"name\":\"Startseite\",\"item\":\"https:\/\/brittalange.de\/\"},{\"@type\":\"ListItem\",\"position\":2,\"name\":\"Galerie\",\"item\":\"https:\/\/brittalange.de\/?page_id=15\"},{\"@type\":\"ListItem\",\"position\":3,\"name\":\"Radierung\"}]},{\"@type\":\"WebSite\",\"@id\":\"https:\/\/brittalange.de\/#website\",\"url\":\"https:\/\/brittalange.de\/\",\"name\":\"Britta Lange\",\"description\":\"K\u00fcnstlerin\",\"publisher\":{\"@id\":\"https:\/\/brittalange.de\/#organization\"},\"potentialAction\":[{\"@type\":\"SearchAction\",\"target\":{\"@type\":\"EntryPoint\",\"urlTemplate\":\"https:\/\/brittalange.de\/?s={search_term_string}\"},\"query-input\":{\"@type\":\"PropertyValueSpecification\",\"valueRequired\":true,\"valueName\":\"search_term_string\"}}],\"inLanguage\":\"de\"},{\"@type\":\"Organization\",\"@id\":\"https:\/\/brittalange.de\/#organization\",\"name\":\"Britta Lange\",\"url\":\"https:\/\/brittalange.de\/\",\"logo\":{\"@type\":\"ImageObject\",\"inLanguage\":\"de\",\"@id\":\"https:\/\/brittalange.de\/#\/schema\/logo\/image\/\",\"url\":\"https:\/\/brittalange.de\/wp-content\/uploads\/2018\/08\/cropped-Logo_BL_ArtDG.png\",\"contentUrl\":\"https:\/\/brittalange.de\/wp-content\/uploads\/2018\/08\/cropped-Logo_BL_ArtDG.png\",\"width\":431,\"height\":250,\"caption\":\"Britta Lange\"},\"image\":{\"@id\":\"https:\/\/brittalange.de\/#\/schema\/logo\/image\/\"}}]}<\/script>\n<!-- \/ Yoast SEO plugin. -->","yoast_head_json":{"title":"Radierung - Britta Lange","robots":{"index":"index","follow":"follow","max-snippet":"max-snippet:-1","max-image-preview":"max-image-preview:large","max-video-preview":"max-video-preview:-1"},"canonical":"https:\/\/brittalange.de\/?page_id=379","og_locale":"de_DE","og_type":"article","og_title":"Radierung - Britta Lange","og_description":"Radierung ist eines der \u00e4ltesten Tiefdruckverfahren der Welt. &nbsp;Ich verwende die Techniken Kaltnadel, Strich\u00e4tzung, Aquatinta und Vernis Mou. Meine Bilder werden zum Teil mit Aquarell koloriert. Portraits M\u00e4rchen &amp; Gedichte Sternzeichen &#8220; order_by=&#8220;sortorder&#8220; order_direction=&#8220;ASC&#8220; returns=&#8220;included&#8220; maximum_entity_count=&#8220;500&#8243;] Rundg\u00e4nge &amp; St\u00e4dte Tiere","og_url":"https:\/\/brittalange.de\/?page_id=379","og_site_name":"Britta Lange","article_modified_time":"2020-07-26T21:58:31+00:00","twitter_card":"summary_large_image","twitter_misc":{"Gesch\u00e4tzte Lesezeit":"1\u00a0Minute"},"schema":{"@context":"https:\/\/schema.org","@graph":[{"@type":"WebPage","@id":"https:\/\/brittalange.de\/?page_id=379","url":"https:\/\/brittalange.de\/?page_id=379","name":"Radierung - Britta Lange","isPartOf":{"@id":"https:\/\/brittalange.de\/#website"},"datePublished":"2019-01-04T16:02:40+00:00","dateModified":"2020-07-26T21:58:31+00:00","breadcrumb":{"@id":"https:\/\/brittalange.de\/?page_id=379#breadcrumb"},"inLanguage":"de","potentialAction":[{"@type":"ReadAction","target":["https:\/\/brittalange.de\/?page_id=379"]}]},{"@type":"BreadcrumbList","@id":"https:\/\/brittalange.de\/?page_id=379#breadcrumb","itemListElement":[{"@type":"ListItem","position":1,"name":"Startseite","item":"https:\/\/brittalange.de\/"},{"@type":"ListItem","position":2,"name":"Galerie","item":"https:\/\/brittalange.de\/?page_id=15"},{"@type":"ListItem","position":3,"name":"Radierung"}]},{"@type":"WebSite","@id":"https:\/\/brittalange.de\/#website","url":"https:\/\/brittalange.de\/","name":"Britta Lange","description":"K\u00fcnstlerin","publisher":{"@id":"https:\/\/brittalange.de\/#organization"},"potentialAction":[{"@type":"SearchAction","target":{"@type":"EntryPoint","urlTemplate":"https:\/\/brittalange.de\/?s={search_term_string}"},"query-input":{"@type":"PropertyValueSpecification","valueRequired":true,"valueName":"search_term_string"}}],"inLanguage":"de"},{"@type":"Organization","@id":"https:\/\/brittalange.de\/#organization","name":"Britta Lange","url":"https:\/\/brittalange.de\/","logo":{"@type":"ImageObject","inLanguage":"de","@id":"https:\/\/brittalange.de\/#\/schema\/logo\/image\/","url":"https:\/\/brittalange.de\/wp-content\/uploads\/2018\/08\/cropped-Logo_BL_ArtDG.png","contentUrl":"https:\/\/brittalange.de\/wp-content\/uploads\/2018\/08\/cropped-Logo_BL_ArtDG.png","width":431,"height":250,"caption":"Britta Lange"},"image":{"@id":"https:\/\/brittalange.de\/#\/schema\/logo\/image\/"}}]}},"jetpack_sharing_enabled":true,"_links":{"self":[{"href":"https:\/\/brittalange.de\/index.php?rest_route=\/wp\/v2\/pages\/379","targetHints":{"allow":["GET"]}}],"collection":[{"href":"https:\/\/brittalange.de\/index.php?rest_route=\/wp\/v2\/pages"}],"about":[{"href":"https:\/\/brittalange.de\/index.php?rest_route=\/wp\/v2\/types\/page"}],"author":[{"embeddable":true,"href":"https:\/\/brittalange.de\/index.php?rest_route=\/wp\/v2\/users\/1"}],"replies":[{"embeddable":true,"href":"https:\/\/brittalange.de\/index.php?rest_route=%2Fwp%2Fv2%2Fcomments&post=379"}],"version-history":[{"count":15,"href":"https:\/\/brittalange.de\/index.php?rest_route=\/wp\/v2\/pages\/379\/revisions"}],"predecessor-version":[{"id":1025,"href":"https:\/\/brittalange.de\/index.php?rest_route=\/wp\/v2\/pages\/379\/revisions\/1025"}],"up":[{"embeddable":true,"href":"https:\/\/brittalange.de\/index.php?rest_route=\/wp\/v2\/pages\/15"}],"wp:attachment":[{"href":"https:\/\/brittalange.de\/index.php?rest_route=%2Fwp%2Fv2%2Fmedia&parent=379"}],"curies":[{"name":"wp","href":"https:\/\/api.w.org\/{rel}","templated":true}]}}