{"id":2192,"date":"2023-04-28T14:50:09","date_gmt":"2023-04-28T14:50:09","guid":{"rendered":"http:\/\/brittalange.de\/?post_type=product&#038;p=2192"},"modified":"2023-05-10T19:42:32","modified_gmt":"2023-05-10T19:42:32","slug":"karte_hd_osterei_1","status":"publish","type":"product","link":"https:\/\/brittalange.de\/?product=karte_hd_osterei_1","title":{"rendered":"Karte handgedruckt &#8222;Osterei&#8220;"},"content":{"rendered":"<p>Technik: Hochdruck. Format: Klappkarte 11,5 x 17 cm, 300 g\/ Umschlag: 12 x 18,5 cm, 130 g. Hochwertiges Papier in naturwei\u00df mit vier B\u00fcttenr\u00e4ndern. Diese handgedruckte Kunstkarte ist ein Unikat und kann in der Farbigkeit variieren. Feinabstimmung per Mail m\u00f6glich.&nbsp;<\/p>\n","protected":false},"excerpt":{"rendered":"<p>Technik: Hochdruck. Format: Klappkarte 11,5 x 17 cm, 300 g\/ Umschlag: 12 x 18,5 cm, 130 g. Hochwertiges Papier in naturwei\u00df mit vier B\u00fcttenr\u00e4ndern. Diese handgedruckte Kunstkarte ist ein Unikat und kann in der Farbigkeit variieren. Feinabstimmung per Mail m\u00f6glich.&nbsp;<\/p>\n","protected":false},"featured_media":1999,"comment_status":"open","ping_status":"closed","template":"","meta":{"ngg_post_thumbnail":0},"product_cat":[55],"product_tag":[],"class_list":{"0":"post-2192","1":"product","2":"type-product","3":"status-publish","4":"has-post-thumbnail","6":"product_cat-karte","8":"first","9":"instock","10":"taxable","11":"shipping-taxable","12":"purchasable","13":"product-type-simple"},"yoast_head":"<!-- This site is optimized with the Yoast SEO plugin v24.2 - https:\/\/yoast.com\/wordpress\/plugins\/seo\/ -->\n<title>Karte handgedruckt &quot;Osterei&quot; - Britta Lange<\/title>\n<meta name=\"robots\" content=\"index, follow, max-snippet:-1, max-image-preview:large, max-video-preview:-1\" \/>\n<link rel=\"canonical\" href=\"https:\/\/brittalange.de\/?product=karte_hd_osterei_1\" \/>\n<meta property=\"og:locale\" content=\"de_DE\" \/>\n<meta property=\"og:type\" content=\"article\" \/>\n<meta property=\"og:title\" content=\"Karte handgedruckt &quot;Osterei&quot; - Britta Lange\" \/>\n<meta property=\"og:description\" content=\"Technik: Hochdruck. Format: Klappkarte 11,5 x 17 cm, 300 g\/ Umschlag: 12 x 18,5 cm, 130 g. Hochwertiges Papier in naturwei\u00df mit vier B\u00fcttenr\u00e4ndern. Diese handgedruckte Kunstkarte ist ein Unikat und kann in der Farbigkeit variieren. Feinabstimmung per Mail m\u00f6glich.&nbsp;\" \/>\n<meta property=\"og:url\" content=\"https:\/\/brittalange.de\/?product=karte_hd_osterei_1\" \/>\n<meta property=\"og:site_name\" content=\"Britta Lange\" \/>\n<meta property=\"article:modified_time\" content=\"2023-05-10T19:42:32+00:00\" \/>\n<meta property=\"og:image\" content=\"https:\/\/brittalange.de\/wp-content\/uploads\/2023\/04\/Karte_HD_Osterei_1-scaled.jpg\" \/>\n\t<meta property=\"og:image:width\" content=\"1847\" \/>\n\t<meta property=\"og:image:height\" content=\"2560\" \/>\n\t<meta property=\"og:image:type\" content=\"image\/jpeg\" \/>\n<meta name=\"twitter:card\" content=\"summary_large_image\" \/>\n<meta name=\"twitter:label1\" content=\"Gesch\u00e4tzte Lesezeit\" \/>\n\t<meta name=\"twitter:data1\" content=\"1\u00a0Minute\" \/>\n<script type=\"application\/ld+json\" class=\"yoast-schema-graph\">{\"@context\":\"https:\/\/schema.org\",\"@graph\":[{\"@type\":\"WebPage\",\"@id\":\"https:\/\/brittalange.de\/?product=karte_hd_osterei_1\",\"url\":\"https:\/\/brittalange.de\/?product=karte_hd_osterei_1\",\"name\":\"Karte handgedruckt \\\"Osterei\\\" - Britta Lange\",\"isPartOf\":{\"@id\":\"https:\/\/brittalange.de\/#website\"},\"primaryImageOfPage\":{\"@id\":\"https:\/\/brittalange.de\/?product=karte_hd_osterei_1#primaryimage\"},\"image\":{\"@id\":\"https:\/\/brittalange.de\/?product=karte_hd_osterei_1#primaryimage\"},\"thumbnailUrl\":\"https:\/\/brittalange.de\/wp-content\/uploads\/2023\/04\/Karte_HD_Osterei_1-scaled.jpg\",\"datePublished\":\"2023-04-28T14:50:09+00:00\",\"dateModified\":\"2023-05-10T19:42:32+00:00\",\"breadcrumb\":{\"@id\":\"https:\/\/brittalange.de\/?product=karte_hd_osterei_1#breadcrumb\"},\"inLanguage\":\"de\",\"potentialAction\":[{\"@type\":\"ReadAction\",\"target\":[\"https:\/\/brittalange.de\/?product=karte_hd_osterei_1\"]}]},{\"@type\":\"ImageObject\",\"inLanguage\":\"de\",\"@id\":\"https:\/\/brittalange.de\/?product=karte_hd_osterei_1#primaryimage\",\"url\":\"https:\/\/brittalange.de\/wp-content\/uploads\/2023\/04\/Karte_HD_Osterei_1-scaled.jpg\",\"contentUrl\":\"https:\/\/brittalange.de\/wp-content\/uploads\/2023\/04\/Karte_HD_Osterei_1-scaled.jpg\",\"width\":1847,\"height\":2560},{\"@type\":\"BreadcrumbList\",\"@id\":\"https:\/\/brittalange.de\/?product=karte_hd_osterei_1#breadcrumb\",\"itemListElement\":[{\"@type\":\"ListItem\",\"position\":1,\"name\":\"Startseite\",\"item\":\"https:\/\/brittalange.de\/\"},{\"@type\":\"ListItem\",\"position\":2,\"name\":\"Shop\",\"item\":\"https:\/\/brittalange.de\/?page_id=1636\"},{\"@type\":\"ListItem\",\"position\":3,\"name\":\"Karte handgedruckt &#8222;Osterei&#8220;\"}]},{\"@type\":\"WebSite\",\"@id\":\"https:\/\/brittalange.de\/#website\",\"url\":\"https:\/\/brittalange.de\/\",\"name\":\"Britta Lange\",\"description\":\"K\u00fcnstlerin\",\"publisher\":{\"@id\":\"https:\/\/brittalange.de\/#organization\"},\"potentialAction\":[{\"@type\":\"SearchAction\",\"target\":{\"@type\":\"EntryPoint\",\"urlTemplate\":\"https:\/\/brittalange.de\/?s={search_term_string}\"},\"query-input\":{\"@type\":\"PropertyValueSpecification\",\"valueRequired\":true,\"valueName\":\"search_term_string\"}}],\"inLanguage\":\"de\"},{\"@type\":\"Organization\",\"@id\":\"https:\/\/brittalange.de\/#organization\",\"name\":\"Britta Lange\",\"url\":\"https:\/\/brittalange.de\/\",\"logo\":{\"@type\":\"ImageObject\",\"inLanguage\":\"de\",\"@id\":\"https:\/\/brittalange.de\/#\/schema\/logo\/image\/\",\"url\":\"https:\/\/brittalange.de\/wp-content\/uploads\/2018\/08\/cropped-Logo_BL_ArtDG.png\",\"contentUrl\":\"https:\/\/brittalange.de\/wp-content\/uploads\/2018\/08\/cropped-Logo_BL_ArtDG.png\",\"width\":431,\"height\":250,\"caption\":\"Britta Lange\"},\"image\":{\"@id\":\"https:\/\/brittalange.de\/#\/schema\/logo\/image\/\"}}]}<\/script>\n<!-- \/ Yoast SEO plugin. -->","yoast_head_json":{"title":"Karte handgedruckt \"Osterei\" - Britta Lange","robots":{"index":"index","follow":"follow","max-snippet":"max-snippet:-1","max-image-preview":"max-image-preview:large","max-video-preview":"max-video-preview:-1"},"canonical":"https:\/\/brittalange.de\/?product=karte_hd_osterei_1","og_locale":"de_DE","og_type":"article","og_title":"Karte handgedruckt \"Osterei\" - Britta Lange","og_description":"Technik: Hochdruck. Format: Klappkarte 11,5 x 17 cm, 300 g\/ Umschlag: 12 x 18,5 cm, 130 g. Hochwertiges Papier in naturwei\u00df mit vier B\u00fcttenr\u00e4ndern. Diese handgedruckte Kunstkarte ist ein Unikat und kann in der Farbigkeit variieren. Feinabstimmung per Mail m\u00f6glich.&nbsp;","og_url":"https:\/\/brittalange.de\/?product=karte_hd_osterei_1","og_site_name":"Britta Lange","article_modified_time":"2023-05-10T19:42:32+00:00","og_image":[{"width":1847,"height":2560,"url":"https:\/\/brittalange.de\/wp-content\/uploads\/2023\/04\/Karte_HD_Osterei_1-scaled.jpg","type":"image\/jpeg"}],"twitter_card":"summary_large_image","twitter_misc":{"Gesch\u00e4tzte Lesezeit":"1\u00a0Minute"},"schema":{"@context":"https:\/\/schema.org","@graph":[{"@type":"WebPage","@id":"https:\/\/brittalange.de\/?product=karte_hd_osterei_1","url":"https:\/\/brittalange.de\/?product=karte_hd_osterei_1","name":"Karte handgedruckt \"Osterei\" - Britta Lange","isPartOf":{"@id":"https:\/\/brittalange.de\/#website"},"primaryImageOfPage":{"@id":"https:\/\/brittalange.de\/?product=karte_hd_osterei_1#primaryimage"},"image":{"@id":"https:\/\/brittalange.de\/?product=karte_hd_osterei_1#primaryimage"},"thumbnailUrl":"https:\/\/brittalange.de\/wp-content\/uploads\/2023\/04\/Karte_HD_Osterei_1-scaled.jpg","datePublished":"2023-04-28T14:50:09+00:00","dateModified":"2023-05-10T19:42:32+00:00","breadcrumb":{"@id":"https:\/\/brittalange.de\/?product=karte_hd_osterei_1#breadcrumb"},"inLanguage":"de","potentialAction":[{"@type":"ReadAction","target":["https:\/\/brittalange.de\/?product=karte_hd_osterei_1"]}]},{"@type":"ImageObject","inLanguage":"de","@id":"https:\/\/brittalange.de\/?product=karte_hd_osterei_1#primaryimage","url":"https:\/\/brittalange.de\/wp-content\/uploads\/2023\/04\/Karte_HD_Osterei_1-scaled.jpg","contentUrl":"https:\/\/brittalange.de\/wp-content\/uploads\/2023\/04\/Karte_HD_Osterei_1-scaled.jpg","width":1847,"height":2560},{"@type":"BreadcrumbList","@id":"https:\/\/brittalange.de\/?product=karte_hd_osterei_1#breadcrumb","itemListElement":[{"@type":"ListItem","position":1,"name":"Startseite","item":"https:\/\/brittalange.de\/"},{"@type":"ListItem","position":2,"name":"Shop","item":"https:\/\/brittalange.de\/?page_id=1636"},{"@type":"ListItem","position":3,"name":"Karte handgedruckt &#8222;Osterei&#8220;"}]},{"@type":"WebSite","@id":"https:\/\/brittalange.de\/#website","url":"https:\/\/brittalange.de\/","name":"Britta Lange","description":"K\u00fcnstlerin","publisher":{"@id":"https:\/\/brittalange.de\/#organization"},"potentialAction":[{"@type":"SearchAction","target":{"@type":"EntryPoint","urlTemplate":"https:\/\/brittalange.de\/?s={search_term_string}"},"query-input":{"@type":"PropertyValueSpecification","valueRequired":true,"valueName":"search_term_string"}}],"inLanguage":"de"},{"@type":"Organization","@id":"https:\/\/brittalange.de\/#organization","name":"Britta Lange","url":"https:\/\/brittalange.de\/","logo":{"@type":"ImageObject","inLanguage":"de","@id":"https:\/\/brittalange.de\/#\/schema\/logo\/image\/","url":"https:\/\/brittalange.de\/wp-content\/uploads\/2018\/08\/cropped-Logo_BL_ArtDG.png","contentUrl":"https:\/\/brittalange.de\/wp-content\/uploads\/2018\/08\/cropped-Logo_BL_ArtDG.png","width":431,"height":250,"caption":"Britta Lange"},"image":{"@id":"https:\/\/brittalange.de\/#\/schema\/logo\/image\/"}}]}},"jetpack_sharing_enabled":true,"_links":{"self":[{"href":"https:\/\/brittalange.de\/index.php?rest_route=\/wp\/v2\/product\/2192","targetHints":{"allow":["GET"]}}],"collection":[{"href":"https:\/\/brittalange.de\/index.php?rest_route=\/wp\/v2\/product"}],"about":[{"href":"https:\/\/brittalange.de\/index.php?rest_route=\/wp\/v2\/types\/product"}],"replies":[{"embeddable":true,"href":"https:\/\/brittalange.de\/index.php?rest_route=%2Fwp%2Fv2%2Fcomments&post=2192"}],"wp:featuredmedia":[{"embeddable":true,"href":"https:\/\/brittalange.de\/index.php?rest_route=\/wp\/v2\/media\/1999"}],"wp:attachment":[{"href":"https:\/\/brittalange.de\/index.php?rest_route=%2Fwp%2Fv2%2Fmedia&parent=2192"}],"wp:term":[{"taxonomy":"product_cat","embeddable":true,"href":"https:\/\/brittalange.de\/index.php?rest_route=%2Fwp%2Fv2%2Fproduct_cat&post=2192"},{"taxonomy":"product_tag","embeddable":true,"href":"https:\/\/brittalange.de\/index.php?rest_route=%2Fwp%2Fv2%2Fproduct_tag&post=2192"}],"curies":[{"name":"wp","href":"https:\/\/api.w.org\/{rel}","templated":true}]}}